{"id":70,"date":"2022-09-27T13:27:11","date_gmt":"2022-09-27T13:27:11","guid":{"rendered":"https:\/\/manoklinika.eu\/?page_id=70"},"modified":"2024-10-21T13:55:35","modified_gmt":"2024-10-21T10:55:35","slug":"reviews","status":"publish","type":"page","link":"https:\/\/mano-klinika.lt\/en\/reviews\/","title":{"rendered":"Reviews"},"content":{"rendered":"<div data-elementor-type=\"wp-page\" data-elementor-id=\"70\" class=\"elementor elementor-70\">\n\t\t\t\t\t\t\t\t\t<section class=\"elementor-section elementor-top-section elementor-element elementor-element-8c29179 elementor-section-full_width elementor-section-height-default elementor-section-height-default\" data-id=\"8c29179\" data-element_type=\"section\">\n\t\t\t\t\t\t<div class=\"elementor-container elementor-column-gap-no\">\n\t\t\t\t\t<div class=\"elementor-column elementor-col-100 elementor-top-column elementor-element elementor-element-fbe86c5\" data-id=\"fbe86c5\" data-element_type=\"column\">\n\t\t\t<div class=\"elementor-widget-wrap elementor-element-populated\">\n\t\t\t\t\t\t\t\t<div class=\"elementor-element elementor-element-99eaea5 bg-color elementor-widget elementor-widget-testimonial\" data-id=\"99eaea5\" data-element_type=\"widget\" data-widget_type=\"testimonial.default\">\n\t\t\t\t<div class=\"elementor-widget-container\">\n\t\t\t<style>\/*! elementor - v3.16.0 - 17-10-2023 *\/\n.elementor-testimonial-wrapper{overflow:hidden;text-align:center}.elementor-testimonial-wrapper .elementor-testimonial-content{font-size:1.3em;margin-bottom:20px}.elementor-testimonial-wrapper .elementor-testimonial-name{line-height:1.5;display:block}.elementor-testimonial-wrapper .elementor-testimonial-job{font-size:.85em;display:block}.elementor-testimonial-wrapper .elementor-testimonial-meta{width:100%;line-height:1}.elementor-testimonial-wrapper .elementor-testimonial-meta-inner{display:inline-block}.elementor-testimonial-wrapper .elementor-testimonial-meta .elementor-testimonial-details,.elementor-testimonial-wrapper .elementor-testimonial-meta .elementor-testimonial-image{display:table-cell;vertical-align:middle}.elementor-testimonial-wrapper .elementor-testimonial-meta .elementor-testimonial-image img{width:60px;height:60px;border-radius:50%;-o-object-fit:cover;object-fit:cover;max-width:none}.elementor-testimonial-wrapper .elementor-testimonial-meta.elementor-testimonial-image-position-aside .elementor-testimonial-image{padding-right:15px}.elementor-testimonial-wrapper .elementor-testimonial-meta.elementor-testimonial-image-position-aside .elementor-testimonial-details{text-align:left}.elementor-testimonial-wrapper .elementor-testimonial-meta.elementor-testimonial-image-position-top .elementor-testimonial-details,.elementor-testimonial-wrapper .elementor-testimonial-meta.elementor-testimonial-image-position-top .elementor-testimonial-image{display:block}.elementor-testimonial-wrapper .elementor-testimonial-meta.elementor-testimonial-image-position-top .elementor-testimonial-image{margin-bottom:20px}<\/style>\r\n        <!-- Testimonial Column Style -->\r\n        \r\n        <!-- START TESTIMONIALS AREA -->\r\n            \t    <section class=\"testimonial-page ptb-70\">\r\n    \t            <div class=\"container\">\r\n                <div class=\"section-title\">\r\n                \t<span class=\"top-title\">Reviews about My Clinic<\/span>\r\n                    <h2>What our customers say<\/h2>\r\n                    <p>Patient feedback is the best proof of the quality of our services. Here are some of the testimonials we are proud of:<\/p>\r\n                <\/div>\r\n                            \t    <div class=\"row justify-content-center\">\r\n            \t                \t                \t\t\t                \t    <div class=\"col-lg-6 col-md-6 col-sm-12\">\r\n\t                \t\t                        <div class=\"single-testimonial\">\r\n\t                        \t\t                                <img decoding=\"async\" src=\"https:\/\/mano-klinika.lt\/wp-content\/uploads\/2022\/10\/client-1.jpg\" alt=\"image\">\r\n                                \t                \t\t\t<p class=\"comment\">I am impressed by the approach to patients and the high competence of the doctors. I will recommend My Clinic to anyone with musculoskeletal problems.<\/p>\r\n\t                \t\t\t<h3>\r\n\t\t\t                        Andrew\t\t\t                    <\/h3>\r\n\t\t\t                    <span class=\"designation\">\r\n\t\t\t                        \t\t\t                    <\/span>\r\n\t                        <\/div>\r\n\t                \t<\/div>\t\t\t       \r\n                                    \t\t\t                \t    <div class=\"col-lg-6 col-md-6 col-sm-12\">\r\n\t                \t\t                        <div class=\"single-testimonial\">\r\n\t                        \t\t                                <img decoding=\"async\" src=\"https:\/\/mano-klinika.lt\/wp-content\/uploads\/2023\/10\/prev_20230319_163700.jpg\" alt=\"image\">\r\n                                \t                \t\t\t<p class=\"comment\">\"Thanks to My Clinic, I'm back to active life after a knee injury. Thank you very much to the clinic staff for their professionalism and care!<\/p>\r\n\t                \t\t\t<h3>\r\n\t\t\t                        Valentina\t\t\t                    <\/h3>\r\n\t\t\t                    <span class=\"designation\">\r\n\t\t\t                        \t\t\t                    <\/span>\r\n\t                        <\/div>\r\n\t                \t<\/div>\t\t\t       \r\n                                    \t\t\t                \t    <div class=\"col-lg-6 col-md-6 col-sm-12\">\r\n\t                \t\t                        <div class=\"single-testimonial\">\r\n\t                        \t\t                                <img decoding=\"async\" src=\"https:\/\/mano-klinika.lt\/wp-content\/uploads\/2022\/10\/client-3.jpg\" alt=\"image\">\r\n                                \t                \t\t\t<p class=\"comment\">A wonderful clinic with modern equipment and excellent specialists. I recommend it to all my friends and acquaintances.<\/p>\r\n\t                \t\t\t<h3>\r\n\t\t\t                        Alina\t\t\t                    <\/h3>\r\n\t\t\t                    <span class=\"designation\">\r\n\t\t\t                        \t\t\t                    <\/span>\r\n\t                        <\/div>\r\n\t                \t<\/div>\t\t\t       \r\n                                    \t\t\t                \t    <div class=\"col-lg-6 col-md-6 col-sm-12\">\r\n\t                \t\t                        <div class=\"single-testimonial\">\r\n\t                        \t\t                                <img decoding=\"async\" src=\"https:\/\/mano-klinika.lt\/wp-content\/uploads\/2022\/10\/client-4.jpg\" alt=\"image\">\r\n                                \t                \t\t\t<p class=\"comment\">I came to My Clinic after an injury sustained in a sports competition. The surgery and subsequent rehabilitation went perfectly. Thank you to the team for their attention and professionalism!<\/p>\r\n\t                \t\t\t<h3>\r\n\t\t\t                        Maxim\t\t\t                    <\/h3>\r\n\t\t\t                    <span class=\"designation\">\r\n\t\t\t                        \t\t\t                    <\/span>\r\n\t                        <\/div>\r\n\t                \t<\/div>\t\t\t       \r\n                                    \t\t\t                \t    <div class=\"col-lg-6 col-md-6 col-sm-12\">\r\n\t                \t\t                        <div class=\"single-testimonial\">\r\n\t                        \t\t                                <img decoding=\"async\" src=\"https:\/\/mano-klinika.lt\/wp-content\/uploads\/2022\/10\/client-5.jpg\" alt=\"image\">\r\n                                \t                \t\t\t<p class=\"comment\">Thank you to the team at Mano klinikos for their professional approach and care for our patients. I felt in safe hands throughout the treatment.<\/p>\r\n\t                \t\t\t<h3>\r\n\t\t\t                        Christine\t\t\t                    <\/h3>\r\n\t\t\t                    <span class=\"designation\">\r\n\t\t\t                        \t\t\t                    <\/span>\r\n\t                        <\/div>\r\n\t                \t<\/div>\t\t\t       \r\n                                    \t\t\t                \t    <div class=\"col-lg-6 col-md-6 col-sm-12\">\r\n\t                \t\t                        <div class=\"single-testimonial\">\r\n\t                        \t\t                                <img decoding=\"async\" src=\"https:\/\/mano-klinika.lt\/wp-content\/uploads\/2022\/10\/client-6.jpg\" alt=\"image\">\r\n                                \t                \t\t\t<p class=\"comment\">The best clinic in Vilnius! Excellent service, friendly staff and, most importantly, the result exceeded all my expectations.<\/p>\r\n\t                \t\t\t<h3>\r\n\t\t\t                        Denis\t\t\t                    <\/h3>\r\n\t\t\t                    <span class=\"designation\">\r\n\t\t\t                        \t\t\t                    <\/span>\r\n\t                        <\/div>\r\n\t                \t<\/div>\t\t\t       \r\n                                    \t\t\t                \t    <div class=\"col-lg-6 col-md-6 col-sm-12\">\r\n\t                \t\t                        <div class=\"single-testimonial\">\r\n\t                        \t\t                                <img decoding=\"async\" src=\"https:\/\/mano-klinika.lt\/wp-content\/uploads\/2023\/10\/bez_nazvaniya_2.jpg\" alt=\"image\">\r\n                                \t                \t\t\t<p class=\"comment\">I came to My Clinic with a back problem that had been bothering me for many years. My Clinic not only helped me to get rid of the pain, but also taught me how to look after my back properly. I recommend it!<\/p>\r\n\t                \t\t\t<h3>\r\n\t\t\t                        Domas\t\t\t                    <\/h3>\r\n\t\t\t                    <span class=\"designation\">\r\n\t\t\t                        \t\t\t                    <\/span>\r\n\t                        <\/div>\r\n\t                \t<\/div>\t\t\t       \r\n                                    \t\t\t                \t    <div class=\"col-lg-6 col-md-6 col-sm-12\">\r\n\t                \t\t                        <div class=\"single-testimonial\">\r\n\t                        \t\t                                <img decoding=\"async\" src=\"https:\/\/mano-klinika.lt\/wp-content\/uploads\/2023\/10\/\u0411\u0435\u0437-\u043d\u0430\u0437\u0432\u0430\u043d\u0438\u044f-6.jpeg\" alt=\"image\">\r\n                                \t                \t\t\t<p class=\"comment\">Incredible patient care. I felt safe and in control at every stage of treatment. The best clinic in Vilnius!\"<\/p>\r\n\t                \t\t\t<h3>\r\n\t\t\t                        Aushra\t\t\t                    <\/h3>\r\n\t\t\t                    <span class=\"designation\">\r\n\t\t\t                        \t\t\t                    <\/span>\r\n\t                        <\/div>\r\n\t                \t<\/div>\t\t\t       \r\n                                    \t\t\t                \t    <div class=\"col-lg-6 col-md-6 col-sm-12\">\r\n\t                \t\t                        <div class=\"single-testimonial\">\r\n\t                        \t\t                                <img decoding=\"async\" src=\"https:\/\/mano-klinika.lt\/wp-content\/uploads\/2023\/10\/Andrey-Tarasov_.jpg\" alt=\"image\">\r\n                                \t                \t\t\t<p class=\"comment\">After the accident, I needed rehabilitation. \"My Clinic offered me a comprehensive recovery plan to help me live a full life again.<\/p>\r\n\t                \t\t\t<h3>\r\n\t\t\t                        Mintas\t\t\t                    <\/h3>\r\n\t\t\t                    <span class=\"designation\">\r\n\t\t\t                        Consulting Doctor\t\t\t                    <\/span>\r\n\t                        <\/div>\r\n\t                \t<\/div>\t\t\t       \r\n                                    \t\t\t                \t    <div class=\"col-lg-6 col-md-6 col-sm-12\">\r\n\t                \t\t                        <div class=\"single-testimonial\">\r\n\t                        \t\t                                <img decoding=\"async\" src=\"https:\/\/mano-klinika.lt\/wp-content\/uploads\/2023\/10\/wr-960.webp\" alt=\"image\">\r\n                                \t                \t\t\t<p class=\"comment\">\"I chose My Clinic on the advice of friends and have not regretted it. Quality service, modern equipment and friendly staff. Thank you for your work!<\/p>\r\n\t                \t\t\t<h3>\r\n\t\t\t                        Lina\t\t\t                    <\/h3>\r\n\t\t\t                    <span class=\"designation\">\r\n\t\t\t                        \t\t\t                    <\/span>\r\n\t                        <\/div>\r\n\t                \t<\/div>\t\t\t       \r\n                    \t\t\t               \r\n                <\/div>\r\n            <\/div>\r\n        <\/div>\r\n\t    <!-- End TESTIMONIALS AREA -->\r\n\r\n    \t\t<\/div>\n\t\t\t\t<\/div>\n\t\t\t\t\t<\/div>\n\t\t<\/div>\n\t\t\t\t\t\t\t<\/div>\n\t\t<\/section>\n\t\t\t\t\t\t\t<\/div>","protected":false},"excerpt":{"rendered":"<p>Atsiliepimai apie Mano klinik\u0105 K\u0105 sako m\u016bs\u0173 klientai Pacient\u0173 atsiliepimai yra geriausias m\u016bs\u0173 paslaug\u0173 kokyb\u0117s \u012frodymas. Pateikiame kelet\u0105 atsiliepim\u0173, kuriais did\u017eiuojam\u0117s: Esu su\u017eav\u0117tas po\u017ei\u016briu \u012f pacientus ir auk\u0161ta gydytoj\u0173 kompetencija. Rekomenduosiu \u201eMano klinik\u0105\u201c visiems, susid\u016brusiems su raumen\u0173 ir kaul\u0173 sistemos problemomis. Andrew \u201eMano klinikos\u201c d\u0117ka po kelio traumos gr\u012f\u017eau \u012f aktyv\u0173 gyvenim\u0105. Labai a\u010di\u016b klinikos [&hellip;]<\/p>\n","protected":false},"author":1,"featured_media":0,"parent":0,"menu_order":0,"comment_status":"closed","ping_status":"closed","template":"template-parts\/page-full-width.php","meta":{"footnotes":""},"class_list":["post-70","page","type-page","status-publish","hentry"],"yoast_head":"<!-- This site is optimized with the Yoast SEO plugin v23.5 - https:\/\/yoast.com\/wordpress\/plugins\/seo\/ -->\n<title>Atsiliepimai apie Mano klinik\u0105<\/title>\n<meta name=\"description\" content=\"Atsiliepimai apie Mano klinik\u0105 \u2705Profesional\u016bs gydytojai \u2705Modernios technologijos \u2705Priimtinos kainos \u260e +370 691 98577\" \/>\n<meta name=\"robots\" content=\"index, follow, max-snippet:-1, max-image-preview:large, max-video-preview:-1\" \/>\n<link rel=\"canonical\" href=\"https:\/\/mano-klinika.lt\/en\/reviews\/\" \/>\n<meta property=\"og:locale\" content=\"en_US\" \/>\n<meta property=\"og:type\" content=\"article\" \/>\n<meta property=\"og:title\" content=\"Atsiliepimai apie Mano klinik\u0105\" \/>\n<meta property=\"og:description\" content=\"Atsiliepimai apie Mano klinik\u0105 \u2705Profesional\u016bs gydytojai \u2705Modernios technologijos \u2705Priimtinos kainos \u260e +370 691 98577\" \/>\n<meta property=\"og:url\" content=\"https:\/\/mano-klinika.lt\/en\/reviews\/\" \/>\n<meta property=\"og:site_name\" content=\"Mano Klinika: Pirmaujanti ortopedija ir traumatologija Vilniuje\" \/>\n<meta property=\"article:publisher\" content=\"https:\/\/www.facebook.com\/manoklinikaV\" \/>\n<meta property=\"article:modified_time\" content=\"2024-10-21T10:55:35+00:00\" \/>\n<meta property=\"og:image\" content=\"https:\/\/mano-klinika.lt\/wp-content\/uploads\/2022\/10\/client-1.jpg\" \/>\n<meta name=\"twitter:card\" content=\"summary_large_image\" \/>\n<meta name=\"twitter:label1\" content=\"Est. reading time\" \/>\n\t<meta name=\"twitter:data1\" content=\"4 minutes\" \/>\n<script type=\"application\/ld+json\" class=\"yoast-schema-graph\">{\"@context\":\"https:\/\/schema.org\",\"@graph\":[{\"@type\":\"WebPage\",\"@id\":\"https:\/\/mano-klinika.lt\/reviews\/\",\"url\":\"https:\/\/mano-klinika.lt\/reviews\/\",\"name\":\"Atsiliepimai apie Mano klinik\u0105\",\"isPartOf\":{\"@id\":\"https:\/\/mano-klinika.lt\/#website\"},\"primaryImageOfPage\":{\"@id\":\"https:\/\/mano-klinika.lt\/reviews\/#primaryimage\"},\"image\":{\"@id\":\"https:\/\/mano-klinika.lt\/reviews\/#primaryimage\"},\"thumbnailUrl\":\"https:\/\/mano-klinika.lt\/wp-content\/uploads\/2022\/10\/client-1.jpg\",\"datePublished\":\"2022-09-27T13:27:11+00:00\",\"dateModified\":\"2024-10-21T10:55:35+00:00\",\"description\":\"Atsiliepimai apie Mano klinik\u0105 \u2705Profesional\u016bs gydytojai \u2705Modernios technologijos \u2705Priimtinos kainos \u260e +370 691 98577\",\"breadcrumb\":{\"@id\":\"https:\/\/mano-klinika.lt\/reviews\/#breadcrumb\"},\"inLanguage\":\"en-US\",\"potentialAction\":[{\"@type\":\"ReadAction\",\"target\":[\"https:\/\/mano-klinika.lt\/reviews\/\"]}]},{\"@type\":\"ImageObject\",\"inLanguage\":\"en-US\",\"@id\":\"https:\/\/mano-klinika.lt\/reviews\/#primaryimage\",\"url\":\"https:\/\/mano-klinika.lt\/wp-content\/uploads\/2022\/10\/client-1.jpg\",\"contentUrl\":\"https:\/\/mano-klinika.lt\/wp-content\/uploads\/2022\/10\/client-1.jpg\"},{\"@type\":\"BreadcrumbList\",\"@id\":\"https:\/\/mano-klinika.lt\/reviews\/#breadcrumb\",\"itemListElement\":[{\"@type\":\"ListItem\",\"position\":1,\"name\":\"\u0413\u043b\u0430\u0432\u043d\u0430\u044f \u0441\u0442\u0440\u0430\u043d\u0438\u0446\u0430\",\"item\":\"https:\/\/mano-klinika.lt\/\"},{\"@type\":\"ListItem\",\"position\":2,\"name\":\"Atsiliepimai\"}]},{\"@type\":\"WebSite\",\"@id\":\"https:\/\/mano-klinika.lt\/#website\",\"url\":\"https:\/\/mano-klinika.lt\/\",\"name\":\"Mano Klinika: Pirmaujanti ortopedija ir traumatologija Vilniuje\",\"description\":\"Mano Klinika: Pa\u017eang\u016bs metodai ir ekspertiniai sprendimai ortopedijos ir traumatologijos srityje. J\u016bs\u0173 sveikas pasirinkimas Vilniuje.\",\"publisher\":{\"@id\":\"https:\/\/mano-klinika.lt\/#organization\"},\"potentialAction\":[{\"@type\":\"SearchAction\",\"target\":{\"@type\":\"EntryPoint\",\"urlTemplate\":\"https:\/\/mano-klinika.lt\/?s={search_term_string}\"},\"query-input\":{\"@type\":\"PropertyValueSpecification\",\"valueRequired\":true,\"valueName\":\"search_term_string\"}}],\"inLanguage\":\"en-US\"},{\"@type\":\"Organization\",\"@id\":\"https:\/\/mano-klinika.lt\/#organization\",\"name\":\"Mano Klinika: Pirmaujanti ortopedija ir traumatologija Vilniuje\",\"url\":\"https:\/\/mano-klinika.lt\/\",\"logo\":{\"@type\":\"ImageObject\",\"inLanguage\":\"en-US\",\"@id\":\"https:\/\/mano-klinika.lt\/#\/schema\/logo\/image\/\",\"url\":\"https:\/\/mano-klinika.lt\/wp-content\/uploads\/2023\/08\/cropped-fav.png\",\"contentUrl\":\"https:\/\/mano-klinika.lt\/wp-content\/uploads\/2023\/08\/cropped-fav.png\",\"width\":512,\"height\":512,\"caption\":\"Mano Klinika: Pirmaujanti ortopedija ir traumatologija Vilniuje\"},\"image\":{\"@id\":\"https:\/\/mano-klinika.lt\/#\/schema\/logo\/image\/\"},\"sameAs\":[\"https:\/\/www.facebook.com\/manoklinikaV\",\"https:\/\/instagram.com\/manoklinika\"]}]}<\/script>\n<!-- \/ Yoast SEO plugin. -->","yoast_head_json":{"title":"Reviews about My Clinic","description":"Reviews about my clinic \u2705Professional doctors \u2705Modern technologies \u2705Reasonable prices \u260e +370 691 98577","robots":{"index":"index","follow":"follow","max-snippet":"max-snippet:-1","max-image-preview":"max-image-preview:large","max-video-preview":"max-video-preview:-1"},"canonical":"https:\/\/mano-klinika.lt\/en\/reviews\/","og_locale":"en_US","og_type":"article","og_title":"Atsiliepimai apie Mano klinik\u0105","og_description":"Atsiliepimai apie Mano klinik\u0105 \u2705Profesional\u016bs gydytojai \u2705Modernios technologijos \u2705Priimtinos kainos \u260e +370 691 98577","og_url":"https:\/\/mano-klinika.lt\/en\/reviews\/","og_site_name":"Mano Klinika: Pirmaujanti ortopedija ir traumatologija Vilniuje","article_publisher":"https:\/\/www.facebook.com\/manoklinikaV","article_modified_time":"2024-10-21T10:55:35+00:00","og_image":[{"url":"https:\/\/mano-klinika.lt\/wp-content\/uploads\/2022\/10\/client-1.jpg"}],"twitter_card":"summary_large_image","twitter_misc":{"Est. reading time":"4 minutes"},"schema":{"@context":"https:\/\/schema.org","@graph":[{"@type":"WebPage","@id":"https:\/\/mano-klinika.lt\/reviews\/","url":"https:\/\/mano-klinika.lt\/reviews\/","name":"Reviews about My Clinic","isPartOf":{"@id":"https:\/\/mano-klinika.lt\/#website"},"primaryImageOfPage":{"@id":"https:\/\/mano-klinika.lt\/reviews\/#primaryimage"},"image":{"@id":"https:\/\/mano-klinika.lt\/reviews\/#primaryimage"},"thumbnailUrl":"https:\/\/mano-klinika.lt\/wp-content\/uploads\/2022\/10\/client-1.jpg","datePublished":"2022-09-27T13:27:11+00:00","dateModified":"2024-10-21T10:55:35+00:00","description":"Reviews about my clinic \u2705Professional doctors \u2705Modern technologies \u2705Reasonable prices \u260e +370 691 98577","breadcrumb":{"@id":"https:\/\/mano-klinika.lt\/reviews\/#breadcrumb"},"inLanguage":"en-US","potentialAction":[{"@type":"ReadAction","target":["https:\/\/mano-klinika.lt\/reviews\/"]}]},{"@type":"ImageObject","inLanguage":"en-US","@id":"https:\/\/mano-klinika.lt\/reviews\/#primaryimage","url":"https:\/\/mano-klinika.lt\/wp-content\/uploads\/2022\/10\/client-1.jpg","contentUrl":"https:\/\/mano-klinika.lt\/wp-content\/uploads\/2022\/10\/client-1.jpg"},{"@type":"BreadcrumbList","@id":"https:\/\/mano-klinika.lt\/reviews\/#breadcrumb","itemListElement":[{"@type":"ListItem","position":1,"name":"\u0413\u043b\u0430\u0432\u043d\u0430\u044f \u0441\u0442\u0440\u0430\u043d\u0438\u0446\u0430","item":"https:\/\/mano-klinika.lt\/"},{"@type":"ListItem","position":2,"name":"Atsiliepimai"}]},{"@type":"WebSite","@id":"https:\/\/mano-klinika.lt\/#website","url":"https:\/\/mano-klinika.lt\/","name":"Mano Klinika: Leading orthopaedics and traumatology in Vilnius","description":"Mano Klinika: Advanced techniques and expert solutions in orthopaedics and traumatology. Your healthy choice in Vilnius.","publisher":{"@id":"https:\/\/mano-klinika.lt\/#organization"},"potentialAction":[{"@type":"SearchAction","target":{"@type":"EntryPoint","urlTemplate":"https:\/\/mano-klinika.lt\/?s={search_term_string}"},"query-input":{"@type":"PropertyValueSpecification","valueRequired":true,"valueName":"search_term_string"}}],"inLanguage":"en-US"},{"@type":"Organization","@id":"https:\/\/mano-klinika.lt\/#organization","name":"Mano Klinika: Leading orthopaedics and traumatology in Vilnius","url":"https:\/\/mano-klinika.lt\/","logo":{"@type":"ImageObject","inLanguage":"en-US","@id":"https:\/\/mano-klinika.lt\/#\/schema\/logo\/image\/","url":"https:\/\/mano-klinika.lt\/wp-content\/uploads\/2023\/08\/cropped-fav.png","contentUrl":"https:\/\/mano-klinika.lt\/wp-content\/uploads\/2023\/08\/cropped-fav.png","width":512,"height":512,"caption":"Mano Klinika: Pirmaujanti ortopedija ir traumatologija Vilniuje"},"image":{"@id":"https:\/\/mano-klinika.lt\/#\/schema\/logo\/image\/"},"sameAs":["https:\/\/www.facebook.com\/manoklinikaV","https:\/\/instagram.com\/manoklinika"]}]}},"jetpack_sharing_enabled":true,"_links":{"self":[{"href":"https:\/\/mano-klinika.lt\/en\/wp-json\/wp\/v2\/pages\/70","targetHints":{"allow":["GET"]}}],"collection":[{"href":"https:\/\/mano-klinika.lt\/en\/wp-json\/wp\/v2\/pages"}],"about":[{"href":"https:\/\/mano-klinika.lt\/en\/wp-json\/wp\/v2\/types\/page"}],"author":[{"embeddable":true,"href":"https:\/\/mano-klinika.lt\/en\/wp-json\/wp\/v2\/users\/1"}],"replies":[{"embeddable":true,"href":"https:\/\/mano-klinika.lt\/en\/wp-json\/wp\/v2\/comments?post=70"}],"version-history":[{"count":18,"href":"https:\/\/mano-klinika.lt\/en\/wp-json\/wp\/v2\/pages\/70\/revisions"}],"predecessor-version":[{"id":1473,"href":"https:\/\/mano-klinika.lt\/en\/wp-json\/wp\/v2\/pages\/70\/revisions\/1473"}],"wp:attachment":[{"href":"https:\/\/mano-klinika.lt\/en\/wp-json\/wp\/v2\/media?parent=70"}],"curies":[{"name":"wp","href":"https:\/\/api.w.org\/{rel}","templated":true}]}}