{"id":727,"date":"2022-10-16T12:57:04","date_gmt":"2022-10-16T12:57:04","guid":{"rendered":"https:\/\/manoklinika.eu\/?page_id=727"},"modified":"2024-10-04T09:34:28","modified_gmt":"2024-10-04T06:34:28","slug":"appointment-confirmed","status":"publish","type":"page","link":"https:\/\/mano-klinika.lt\/en\/appointment-confirmed\/","title":{"rendered":"Approved entrance"},"content":{"rendered":"<h3 class=\"wp-block-heading has-text-align-center\">Thank you for scheduling the meeting. We will contact you by email or phone if we need anything else.<\/h3>","protected":false},"excerpt":{"rendered":"<p>Thank you for scheduling the meeting. We will contact you by email or phone if we need anything else.<\/p>","protected":false},"author":1,"featured_media":0,"parent":0,"menu_order":0,"comment_status":"closed","ping_status":"closed","template":"","meta":{"footnotes":""},"class_list":["post-727","page","type-page","status-publish","hentry"],"yoast_head":"<!-- This site is optimized with the Yoast SEO plugin v23.5 - https:\/\/yoast.com\/wordpress\/plugins\/seo\/ -->\n<title>Patvirtintas \u012f\u0117jimas - Mano Klinika: Pirmaujanti ortopedija ir traumatologija Vilniuje<\/title>\n<meta name=\"robots\" content=\"index, follow, max-snippet:-1, max-image-preview:large, max-video-preview:-1\" \/>\n<link rel=\"canonical\" href=\"https:\/\/mano-klinika.lt\/en\/appointment-confirmed\/\" \/>\n<meta property=\"og:locale\" content=\"en_US\" \/>\n<meta property=\"og:type\" content=\"article\" \/>\n<meta property=\"og:title\" content=\"Patvirtintas \u012f\u0117jimas - Mano Klinika: Pirmaujanti ortopedija ir traumatologija Vilniuje\" \/>\n<meta property=\"og:description\" content=\"D\u0117kojame, kad paskyr\u0117te susitikim\u0105. Susisieksime su jumis el. pa\u0161tu arba telefonu, jei prireiks dar ko nors.\" \/>\n<meta property=\"og:url\" content=\"https:\/\/mano-klinika.lt\/en\/appointment-confirmed\/\" \/>\n<meta property=\"og:site_name\" content=\"Mano Klinika: Pirmaujanti ortopedija ir traumatologija Vilniuje\" \/>\n<meta property=\"article:publisher\" content=\"https:\/\/www.facebook.com\/manoklinikaV\" \/>\n<meta property=\"article:modified_time\" content=\"2024-10-04T06:34:28+00:00\" \/>\n<meta name=\"twitter:card\" content=\"summary_large_image\" \/>\n<meta name=\"twitter:label1\" content=\"Est. reading time\" \/>\n\t<meta name=\"twitter:data1\" content=\"1 minute\" \/>\n<script type=\"application\/ld+json\" class=\"yoast-schema-graph\">{\"@context\":\"https:\/\/schema.org\",\"@graph\":[{\"@type\":\"WebPage\",\"@id\":\"https:\/\/mano-klinika.lt\/appointment-confirmed\/\",\"url\":\"https:\/\/mano-klinika.lt\/appointment-confirmed\/\",\"name\":\"Patvirtintas \u012f\u0117jimas - Mano Klinika: Pirmaujanti ortopedija ir traumatologija Vilniuje\",\"isPartOf\":{\"@id\":\"https:\/\/mano-klinika.lt\/#website\"},\"datePublished\":\"2022-10-16T12:57:04+00:00\",\"dateModified\":\"2024-10-04T06:34:28+00:00\",\"breadcrumb\":{\"@id\":\"https:\/\/mano-klinika.lt\/appointment-confirmed\/#breadcrumb\"},\"inLanguage\":\"en-US\",\"potentialAction\":[{\"@type\":\"ReadAction\",\"target\":[\"https:\/\/mano-klinika.lt\/appointment-confirmed\/\"]}]},{\"@type\":\"BreadcrumbList\",\"@id\":\"https:\/\/mano-klinika.lt\/appointment-confirmed\/#breadcrumb\",\"itemListElement\":[{\"@type\":\"ListItem\",\"position\":1,\"name\":\"\u0413\u043b\u0430\u0432\u043d\u0430\u044f \u0441\u0442\u0440\u0430\u043d\u0438\u0446\u0430\",\"item\":\"https:\/\/mano-klinika.lt\/\"},{\"@type\":\"ListItem\",\"position\":2,\"name\":\"Patvirtintas \u012f\u0117jimas\"}]},{\"@type\":\"WebSite\",\"@id\":\"https:\/\/mano-klinika.lt\/#website\",\"url\":\"https:\/\/mano-klinika.lt\/\",\"name\":\"Mano Klinika: Pirmaujanti ortopedija ir traumatologija Vilniuje\",\"description\":\"Mano Klinika: Pa\u017eang\u016bs metodai ir ekspertiniai sprendimai ortopedijos ir traumatologijos srityje. J\u016bs\u0173 sveikas pasirinkimas Vilniuje.\",\"publisher\":{\"@id\":\"https:\/\/mano-klinika.lt\/#organization\"},\"potentialAction\":[{\"@type\":\"SearchAction\",\"target\":{\"@type\":\"EntryPoint\",\"urlTemplate\":\"https:\/\/mano-klinika.lt\/?s={search_term_string}\"},\"query-input\":{\"@type\":\"PropertyValueSpecification\",\"valueRequired\":true,\"valueName\":\"search_term_string\"}}],\"inLanguage\":\"en-US\"},{\"@type\":\"Organization\",\"@id\":\"https:\/\/mano-klinika.lt\/#organization\",\"name\":\"Mano Klinika: Pirmaujanti ortopedija ir traumatologija Vilniuje\",\"url\":\"https:\/\/mano-klinika.lt\/\",\"logo\":{\"@type\":\"ImageObject\",\"inLanguage\":\"en-US\",\"@id\":\"https:\/\/mano-klinika.lt\/#\/schema\/logo\/image\/\",\"url\":\"https:\/\/mano-klinika.lt\/wp-content\/uploads\/2023\/08\/cropped-fav.png\",\"contentUrl\":\"https:\/\/mano-klinika.lt\/wp-content\/uploads\/2023\/08\/cropped-fav.png\",\"width\":512,\"height\":512,\"caption\":\"Mano Klinika: Pirmaujanti ortopedija ir traumatologija Vilniuje\"},\"image\":{\"@id\":\"https:\/\/mano-klinika.lt\/#\/schema\/logo\/image\/\"},\"sameAs\":[\"https:\/\/www.facebook.com\/manoklinikaV\",\"https:\/\/instagram.com\/manoklinika\"]}]}<\/script>\n<!-- \/ Yoast SEO plugin. -->","yoast_head_json":{"title":"Confirmed entry - Mano Klinika: Leading orthopaedics and traumatology in Vilnius","robots":{"index":"index","follow":"follow","max-snippet":"max-snippet:-1","max-image-preview":"max-image-preview:large","max-video-preview":"max-video-preview:-1"},"canonical":"https:\/\/mano-klinika.lt\/en\/appointment-confirmed\/","og_locale":"en_US","og_type":"article","og_title":"Patvirtintas \u012f\u0117jimas - Mano Klinika: Pirmaujanti ortopedija ir traumatologija Vilniuje","og_description":"D\u0117kojame, kad paskyr\u0117te susitikim\u0105. Susisieksime su jumis el. pa\u0161tu arba telefonu, jei prireiks dar ko nors.","og_url":"https:\/\/mano-klinika.lt\/en\/appointment-confirmed\/","og_site_name":"Mano Klinika: Pirmaujanti ortopedija ir traumatologija Vilniuje","article_publisher":"https:\/\/www.facebook.com\/manoklinikaV","article_modified_time":"2024-10-04T06:34:28+00:00","twitter_card":"summary_large_image","twitter_misc":{"Est. reading time":"1 minute"},"schema":{"@context":"https:\/\/schema.org","@graph":[{"@type":"WebPage","@id":"https:\/\/mano-klinika.lt\/appointment-confirmed\/","url":"https:\/\/mano-klinika.lt\/appointment-confirmed\/","name":"Confirmed entry - Mano Klinika: Leading orthopaedics and traumatology in Vilnius","isPartOf":{"@id":"https:\/\/mano-klinika.lt\/#website"},"datePublished":"2022-10-16T12:57:04+00:00","dateModified":"2024-10-04T06:34:28+00:00","breadcrumb":{"@id":"https:\/\/mano-klinika.lt\/appointment-confirmed\/#breadcrumb"},"inLanguage":"en-US","potentialAction":[{"@type":"ReadAction","target":["https:\/\/mano-klinika.lt\/appointment-confirmed\/"]}]},{"@type":"BreadcrumbList","@id":"https:\/\/mano-klinika.lt\/appointment-confirmed\/#breadcrumb","itemListElement":[{"@type":"ListItem","position":1,"name":"\u0413\u043b\u0430\u0432\u043d\u0430\u044f \u0441\u0442\u0440\u0430\u043d\u0438\u0446\u0430","item":"https:\/\/mano-klinika.lt\/"},{"@type":"ListItem","position":2,"name":"Patvirtintas \u012f\u0117jimas"}]},{"@type":"WebSite","@id":"https:\/\/mano-klinika.lt\/#website","url":"https:\/\/mano-klinika.lt\/","name":"Mano Klinika: Leading orthopaedics and traumatology in Vilnius","description":"Mano Klinika: Advanced techniques and expert solutions in orthopaedics and traumatology. Your healthy choice in Vilnius.","publisher":{"@id":"https:\/\/mano-klinika.lt\/#organization"},"potentialAction":[{"@type":"SearchAction","target":{"@type":"EntryPoint","urlTemplate":"https:\/\/mano-klinika.lt\/?s={search_term_string}"},"query-input":{"@type":"PropertyValueSpecification","valueRequired":true,"valueName":"search_term_string"}}],"inLanguage":"en-US"},{"@type":"Organization","@id":"https:\/\/mano-klinika.lt\/#organization","name":"Mano Klinika: Leading orthopaedics and traumatology in Vilnius","url":"https:\/\/mano-klinika.lt\/","logo":{"@type":"ImageObject","inLanguage":"en-US","@id":"https:\/\/mano-klinika.lt\/#\/schema\/logo\/image\/","url":"https:\/\/mano-klinika.lt\/wp-content\/uploads\/2023\/08\/cropped-fav.png","contentUrl":"https:\/\/mano-klinika.lt\/wp-content\/uploads\/2023\/08\/cropped-fav.png","width":512,"height":512,"caption":"Mano Klinika: Pirmaujanti ortopedija ir traumatologija Vilniuje"},"image":{"@id":"https:\/\/mano-klinika.lt\/#\/schema\/logo\/image\/"},"sameAs":["https:\/\/www.facebook.com\/manoklinikaV","https:\/\/instagram.com\/manoklinika"]}]}},"jetpack_sharing_enabled":true,"_links":{"self":[{"href":"https:\/\/mano-klinika.lt\/en\/wp-json\/wp\/v2\/pages\/727","targetHints":{"allow":["GET"]}}],"collection":[{"href":"https:\/\/mano-klinika.lt\/en\/wp-json\/wp\/v2\/pages"}],"about":[{"href":"https:\/\/mano-klinika.lt\/en\/wp-json\/wp\/v2\/types\/page"}],"author":[{"embeddable":true,"href":"https:\/\/mano-klinika.lt\/en\/wp-json\/wp\/v2\/users\/1"}],"replies":[{"embeddable":true,"href":"https:\/\/mano-klinika.lt\/en\/wp-json\/wp\/v2\/comments?post=727"}],"version-history":[{"count":2,"href":"https:\/\/mano-klinika.lt\/en\/wp-json\/wp\/v2\/pages\/727\/revisions"}],"predecessor-version":[{"id":1363,"href":"https:\/\/mano-klinika.lt\/en\/wp-json\/wp\/v2\/pages\/727\/revisions\/1363"}],"wp:attachment":[{"href":"https:\/\/mano-klinika.lt\/en\/wp-json\/wp\/v2\/media?parent=727"}],"curies":[{"name":"wp","href":"https:\/\/api.w.org\/{rel}","templated":true}]}}