{"id":74,"date":"2022-09-27T13:28:57","date_gmt":"2022-09-27T13:28:57","guid":{"rendered":"https:\/\/manoklinika.eu\/?page_id=74"},"modified":"2025-07-30T20:11:06","modified_gmt":"2025-07-30T17:11:06","slug":"appointment","status":"publish","type":"page","link":"https:\/\/mano-klinika.lt\/en\/appointment\/","title":{"rendered":"Book an appointment"},"content":{"rendered":"<div data-elementor-type=\"wp-page\" data-elementor-id=\"74\" class=\"elementor elementor-74\">\n\t\t\t\t\t\t\t\t\t<section class=\"elementor-section elementor-top-section elementor-element elementor-element-c899f5c elementor-section-full_width elementor-section-height-default elementor-section-height-default\" data-id=\"c899f5c\" data-element_type=\"section\">\n\t\t\t\t\t\t<div class=\"elementor-container elementor-column-gap-no\">\n\t\t\t\t\t<div class=\"elementor-column elementor-col-100 elementor-top-column elementor-element elementor-element-ef696c2\" data-id=\"ef696c2\" data-element_type=\"column\">\n\t\t\t<div class=\"elementor-widget-wrap elementor-element-populated\">\n\t\t\t\t\t\t\t\t<div class=\"elementor-element elementor-element-0280ccb elementor-widget elementor-widget-appointment\" data-id=\"0280ccb\" data-element_type=\"widget\" data-widget_type=\"appointment.default\">\n\t\t\t\t<div class=\"elementor-widget-container\">\n\t\t\t\r\n\t\t<!-- START APPOINTMENT AREA -->\r\n\t\t<section class=\"appointment-area ptb-70\">\r\n\t\t\t<div class=\"container\">\r\n\t\t\t\t<div class=\"row\">\r\n\t\t\t\t\t<div data-aos=\"fade-up\" data-aos-duration=\"1200\" class=\"col-lg-6\">\r\n\t\t\t\t\t\t<div class=\"appointment-here-form\">\r\n\t\t\t\t\t\t\t<span class=\"top-title\">We work for you<\/span>\r\n\t\t\t\t\t\t\t<h2>Book an appointment<\/h2>\r\n\r\n\t\t\t\t\t\t\t<style>\n.mydoc__widget button {padding: inherit;margin-bottom: 0;}\n.mydoc__widget .mydoc__doctor {background-color: #eaf6fc !important; }\n.mydoc__widget .mydoc__calendar__register button {background-color: #19ce67 !important; font-family: \"Rubik, sans-serif\" !important; }\n.mydoc__widget .mydoc__calendar__expander button  {background-color: #eaf6fc !important; }\n\/\/.mydoc__widget .mydoc__calendar__expander .mydoc--icon svg  {fill: #fff !important; }\n<\/style><div mydoc-widget mydoc-doctor=\"14877\" mydoc-clinic=\"2639\"><\/div>\n<\/br><\/br>\n<style>\n.mydoc__widget button {padding: inherit;margin-bottom: 0;}\n.mydoc__widget .mydoc__doctor {background-color: #eaf6fc !important; }\n.mydoc__widget .mydoc__calendar__register button {background-color: #19ce67 !important; font-family: \"Rubik, sans-serif\" !important; }\n.mydoc__widget .mydoc__calendar__expander button  {background-color: #eaf6fc !important; }\n\/\/.mydoc__widget .mydoc__calendar__expander .mydoc--icon svg  {fill: #fff !important; }\n<\/style><div mydoc-widget mydoc-doctor=\"16140\" mydoc-clinic=\"2639\"><\/div>\t\t\t\t\t\t<\/div>\r\n\t\t\t\t\t<\/div>\r\n\t\t\t\t\t<div data-aos=\"fade-up\" data-aos-duration=\"1600\" class=\"col-lg-6\">\r\n\t\t\t\t\t\t\t\t\t\t\t\t    <div class=\"appointment-img\" style=\"background-image:url(https:\/\/manoklinika.eu\/wp-content\/uploads\/2022\/10\/appointment-img.jpg);\"><\/div>\r\n\t\t\t\t\t\t\t\t\t\t<\/div>\r\n\t\t\t\t<\/div>\r\n\t\t\t<\/div>\r\n\t\t<\/section>\r\n\t\t<!-- END APPOINTMENT AREA -->\r\n\r\n\t\t\t\t<\/div>\n\t\t\t\t<\/div>\n\t\t\t\t\t<\/div>\n\t\t<\/div>\n\t\t\t\t\t\t\t<\/div>\n\t\t<\/section>\n\t\t\t\t\t\t\t<\/div>","protected":false},"excerpt":{"rendered":"<p>We work for you Book an appointment<\/p>","protected":false},"author":1,"featured_media":0,"parent":0,"menu_order":0,"comment_status":"closed","ping_status":"closed","template":"template-parts\/page-full-width.php","meta":{"footnotes":""},"class_list":["post-74","page","type-page","status-publish","hentry"],"yoast_head":"<!-- This site is optimized with the Yoast SEO plugin v23.5 - https:\/\/yoast.com\/wordpress\/plugins\/seo\/ -->\n<title>U\u017esisakykite susitikim\u0105 - Mano Klinika: Pirmaujanti ortopedija ir traumatologija Vilniuje<\/title>\n<meta name=\"robots\" content=\"index, follow, max-snippet:-1, max-image-preview:large, max-video-preview:-1\" \/>\n<link rel=\"canonical\" href=\"https:\/\/mano-klinika.lt\/en\/appointment\/\" \/>\n<meta property=\"og:locale\" content=\"en_US\" \/>\n<meta property=\"og:type\" content=\"article\" \/>\n<meta property=\"og:title\" content=\"U\u017esisakykite susitikim\u0105 - Mano Klinika: Pirmaujanti ortopedija ir traumatologija Vilniuje\" \/>\n<meta property=\"og:description\" content=\"Mes dirbame jums U\u017esisakykite susitikim\u0105\" \/>\n<meta property=\"og:url\" content=\"https:\/\/mano-klinika.lt\/en\/appointment\/\" \/>\n<meta property=\"og:site_name\" content=\"Mano Klinika: Pirmaujanti ortopedija ir traumatologija Vilniuje\" \/>\n<meta property=\"article:publisher\" content=\"https:\/\/www.facebook.com\/manoklinikaV\" \/>\n<meta property=\"article:modified_time\" content=\"2025-07-30T17:11:06+00:00\" \/>\n<meta name=\"twitter:card\" content=\"summary_large_image\" \/>\n<meta name=\"twitter:label1\" content=\"Est. reading time\" \/>\n\t<meta name=\"twitter:data1\" content=\"1 minute\" \/>\n<script type=\"application\/ld+json\" class=\"yoast-schema-graph\">{\"@context\":\"https:\/\/schema.org\",\"@graph\":[{\"@type\":\"WebPage\",\"@id\":\"https:\/\/mano-klinika.lt\/appointment\/\",\"url\":\"https:\/\/mano-klinika.lt\/appointment\/\",\"name\":\"U\u017esisakykite susitikim\u0105 - Mano Klinika: Pirmaujanti ortopedija ir traumatologija Vilniuje\",\"isPartOf\":{\"@id\":\"https:\/\/mano-klinika.lt\/#website\"},\"datePublished\":\"2022-09-27T13:28:57+00:00\",\"dateModified\":\"2025-07-30T17:11:06+00:00\",\"breadcrumb\":{\"@id\":\"https:\/\/mano-klinika.lt\/appointment\/#breadcrumb\"},\"inLanguage\":\"en-US\",\"potentialAction\":[{\"@type\":\"ReadAction\",\"target\":[\"https:\/\/mano-klinika.lt\/appointment\/\"]}]},{\"@type\":\"BreadcrumbList\",\"@id\":\"https:\/\/mano-klinika.lt\/appointment\/#breadcrumb\",\"itemListElement\":[{\"@type\":\"ListItem\",\"position\":1,\"name\":\"\u0413\u043b\u0430\u0432\u043d\u0430\u044f \u0441\u0442\u0440\u0430\u043d\u0438\u0446\u0430\",\"item\":\"https:\/\/mano-klinika.lt\/\"},{\"@type\":\"ListItem\",\"position\":2,\"name\":\"U\u017esisakykite susitikim\u0105\"}]},{\"@type\":\"WebSite\",\"@id\":\"https:\/\/mano-klinika.lt\/#website\",\"url\":\"https:\/\/mano-klinika.lt\/\",\"name\":\"Mano Klinika: Pirmaujanti ortopedija ir traumatologija Vilniuje\",\"description\":\"Mano Klinika: Pa\u017eang\u016bs metodai ir ekspertiniai sprendimai ortopedijos ir traumatologijos srityje. J\u016bs\u0173 sveikas pasirinkimas Vilniuje.\",\"publisher\":{\"@id\":\"https:\/\/mano-klinika.lt\/#organization\"},\"potentialAction\":[{\"@type\":\"SearchAction\",\"target\":{\"@type\":\"EntryPoint\",\"urlTemplate\":\"https:\/\/mano-klinika.lt\/?s={search_term_string}\"},\"query-input\":{\"@type\":\"PropertyValueSpecification\",\"valueRequired\":true,\"valueName\":\"search_term_string\"}}],\"inLanguage\":\"en-US\"},{\"@type\":\"Organization\",\"@id\":\"https:\/\/mano-klinika.lt\/#organization\",\"name\":\"Mano Klinika: Pirmaujanti ortopedija ir traumatologija Vilniuje\",\"url\":\"https:\/\/mano-klinika.lt\/\",\"logo\":{\"@type\":\"ImageObject\",\"inLanguage\":\"en-US\",\"@id\":\"https:\/\/mano-klinika.lt\/#\/schema\/logo\/image\/\",\"url\":\"https:\/\/mano-klinika.lt\/wp-content\/uploads\/2023\/08\/cropped-fav.png\",\"contentUrl\":\"https:\/\/mano-klinika.lt\/wp-content\/uploads\/2023\/08\/cropped-fav.png\",\"width\":512,\"height\":512,\"caption\":\"Mano Klinika: Pirmaujanti ortopedija ir traumatologija Vilniuje\"},\"image\":{\"@id\":\"https:\/\/mano-klinika.lt\/#\/schema\/logo\/image\/\"},\"sameAs\":[\"https:\/\/www.facebook.com\/manoklinikaV\",\"https:\/\/instagram.com\/manoklinika\"]}]}<\/script>\n<!-- \/ Yoast SEO plugin. -->","yoast_head_json":{"title":"Book an appointment - Mano Klinika: Leading orthopaedics and traumatology in Vilnius","robots":{"index":"index","follow":"follow","max-snippet":"max-snippet:-1","max-image-preview":"max-image-preview:large","max-video-preview":"max-video-preview:-1"},"canonical":"https:\/\/mano-klinika.lt\/en\/appointment\/","og_locale":"en_US","og_type":"article","og_title":"U\u017esisakykite susitikim\u0105 - Mano Klinika: Pirmaujanti ortopedija ir traumatologija Vilniuje","og_description":"Mes dirbame jums U\u017esisakykite susitikim\u0105","og_url":"https:\/\/mano-klinika.lt\/en\/appointment\/","og_site_name":"Mano Klinika: Pirmaujanti ortopedija ir traumatologija Vilniuje","article_publisher":"https:\/\/www.facebook.com\/manoklinikaV","article_modified_time":"2025-07-30T17:11:06+00:00","twitter_card":"summary_large_image","twitter_misc":{"Est. reading time":"1 minute"},"schema":{"@context":"https:\/\/schema.org","@graph":[{"@type":"WebPage","@id":"https:\/\/mano-klinika.lt\/appointment\/","url":"https:\/\/mano-klinika.lt\/appointment\/","name":"Book an appointment - Mano Klinika: Leading orthopaedics and traumatology in Vilnius","isPartOf":{"@id":"https:\/\/mano-klinika.lt\/#website"},"datePublished":"2022-09-27T13:28:57+00:00","dateModified":"2025-07-30T17:11:06+00:00","breadcrumb":{"@id":"https:\/\/mano-klinika.lt\/appointment\/#breadcrumb"},"inLanguage":"en-US","potentialAction":[{"@type":"ReadAction","target":["https:\/\/mano-klinika.lt\/appointment\/"]}]},{"@type":"BreadcrumbList","@id":"https:\/\/mano-klinika.lt\/appointment\/#breadcrumb","itemListElement":[{"@type":"ListItem","position":1,"name":"\u0413\u043b\u0430\u0432\u043d\u0430\u044f \u0441\u0442\u0440\u0430\u043d\u0438\u0446\u0430","item":"https:\/\/mano-klinika.lt\/"},{"@type":"ListItem","position":2,"name":"U\u017esisakykite susitikim\u0105"}]},{"@type":"WebSite","@id":"https:\/\/mano-klinika.lt\/#website","url":"https:\/\/mano-klinika.lt\/","name":"Mano Klinika: Leading orthopaedics and traumatology in Vilnius","description":"Mano Klinika: Advanced techniques and expert solutions in orthopaedics and traumatology. Your healthy choice in Vilnius.","publisher":{"@id":"https:\/\/mano-klinika.lt\/#organization"},"potentialAction":[{"@type":"SearchAction","target":{"@type":"EntryPoint","urlTemplate":"https:\/\/mano-klinika.lt\/?s={search_term_string}"},"query-input":{"@type":"PropertyValueSpecification","valueRequired":true,"valueName":"search_term_string"}}],"inLanguage":"en-US"},{"@type":"Organization","@id":"https:\/\/mano-klinika.lt\/#organization","name":"Mano Klinika: Leading orthopaedics and traumatology in Vilnius","url":"https:\/\/mano-klinika.lt\/","logo":{"@type":"ImageObject","inLanguage":"en-US","@id":"https:\/\/mano-klinika.lt\/#\/schema\/logo\/image\/","url":"https:\/\/mano-klinika.lt\/wp-content\/uploads\/2023\/08\/cropped-fav.png","contentUrl":"https:\/\/mano-klinika.lt\/wp-content\/uploads\/2023\/08\/cropped-fav.png","width":512,"height":512,"caption":"Mano Klinika: Pirmaujanti ortopedija ir traumatologija Vilniuje"},"image":{"@id":"https:\/\/mano-klinika.lt\/#\/schema\/logo\/image\/"},"sameAs":["https:\/\/www.facebook.com\/manoklinikaV","https:\/\/instagram.com\/manoklinika"]}]}},"jetpack_sharing_enabled":true,"_links":{"self":[{"href":"https:\/\/mano-klinika.lt\/en\/wp-json\/wp\/v2\/pages\/74","targetHints":{"allow":["GET"]}}],"collection":[{"href":"https:\/\/mano-klinika.lt\/en\/wp-json\/wp\/v2\/pages"}],"about":[{"href":"https:\/\/mano-klinika.lt\/en\/wp-json\/wp\/v2\/types\/page"}],"author":[{"embeddable":true,"href":"https:\/\/mano-klinika.lt\/en\/wp-json\/wp\/v2\/users\/1"}],"replies":[{"embeddable":true,"href":"https:\/\/mano-klinika.lt\/en\/wp-json\/wp\/v2\/comments?post=74"}],"version-history":[{"count":19,"href":"https:\/\/mano-klinika.lt\/en\/wp-json\/wp\/v2\/pages\/74\/revisions"}],"predecessor-version":[{"id":1610,"href":"https:\/\/mano-klinika.lt\/en\/wp-json\/wp\/v2\/pages\/74\/revisions\/1610"}],"wp:attachment":[{"href":"https:\/\/mano-klinika.lt\/en\/wp-json\/wp\/v2\/media?parent=74"}],"curies":[{"name":"wp","href":"https:\/\/api.w.org\/{rel}","templated":true}]}}