{"id":76,"date":"2022-09-27T13:30:14","date_gmt":"2022-09-27T13:30:14","guid":{"rendered":"https:\/\/manoklinika.eu\/?page_id=76"},"modified":"2025-08-04T09:21:48","modified_gmt":"2025-08-04T06:21:48","slug":"frequently-asked-questions","status":"publish","type":"page","link":"https:\/\/mano-klinika.lt\/en\/frequently-asked-questions\/","title":{"rendered":"Frequently asked questions"},"content":{"rendered":"<div data-elementor-type=\"wp-page\" data-elementor-id=\"76\" class=\"elementor elementor-76\">\n\t\t\t\t\t\t\t\t\t<section class=\"elementor-section elementor-top-section elementor-element elementor-element-3720350 elementor-section-full_width elementor-section-height-default elementor-section-height-default\" data-id=\"3720350\" data-element_type=\"section\">\n\t\t\t\t\t\t<div class=\"elementor-container elementor-column-gap-no\">\n\t\t\t\t\t<div class=\"elementor-column elementor-col-100 elementor-top-column elementor-element elementor-element-6720212\" data-id=\"6720212\" data-element_type=\"column\">\n\t\t\t<div class=\"elementor-widget-wrap elementor-element-populated\">\n\t\t\t\t\t\t\t\t<div class=\"elementor-element elementor-element-2d666dd bg-color elementor-widget elementor-widget-faq\" data-id=\"2d666dd\" data-element_type=\"widget\" data-widget_type=\"faq.default\">\n\t\t\t\t<div class=\"elementor-widget-container\">\n\t\t\t\r\n\t\t<!-- START FAQ AREA -->\r\n        <section class=\"faq-area ptb-70\">\r\n            <div class=\"container\">\r\n                <div data-aos=\"fade-up\" data-aos-duration=\"1200\" class=\"section-title\">\r\n                \t<span class=\"top-title\">QUESTIONS AND ANSWERS<\/span>\r\n                    <h2>Frequently asked questions<\/h2>\r\n                    <p>We hope you find these answers helpful. If you have any other questions, please do not hesitate to contact us!<\/p>\r\n                <\/div>\r\n\t\t\t\t\r\n                <div class=\"row align-items-center\">\r\n\t\t\t\t\t<div class=\"col-lg-6\">\r\n                        <div data-aos=\"fade-up\" data-aos-duration=\"1600\" class=\"faq-image\">\r\n                              \r\n                            \t<img loading=\"lazy\" decoding=\"async\" width=\"2560\" height=\"2557\" src=\"https:\/\/mano-klinika.lt\/wp-content\/uploads\/2023\/10\/00100srPORTRAIT_00100_BURST20220203095817485_COVER2-1-scaled.jpg\" class=\"attachment-full size-full wp-image-1048\" alt=\"\" srcset=\"https:\/\/mano-klinika.lt\/wp-content\/uploads\/2023\/10\/00100srPORTRAIT_00100_BURST20220203095817485_COVER2-1-scaled.jpg 2560w, https:\/\/mano-klinika.lt\/wp-content\/uploads\/2023\/10\/00100srPORTRAIT_00100_BURST20220203095817485_COVER2-1-300x300.jpg 300w, https:\/\/mano-klinika.lt\/wp-content\/uploads\/2023\/10\/00100srPORTRAIT_00100_BURST20220203095817485_COVER2-1-1024x1024.jpg 1024w, https:\/\/mano-klinika.lt\/wp-content\/uploads\/2023\/10\/00100srPORTRAIT_00100_BURST20220203095817485_COVER2-1-150x150.jpg 150w, https:\/\/mano-klinika.lt\/wp-content\/uploads\/2023\/10\/00100srPORTRAIT_00100_BURST20220203095817485_COVER2-1-768x767.jpg 768w, https:\/\/mano-klinika.lt\/wp-content\/uploads\/2023\/10\/00100srPORTRAIT_00100_BURST20220203095817485_COVER2-1-1536x1534.jpg 1536w, https:\/\/mano-klinika.lt\/wp-content\/uploads\/2023\/10\/00100srPORTRAIT_00100_BURST20220203095817485_COVER2-1-2048x2046.jpg 2048w, https:\/\/mano-klinika.lt\/wp-content\/uploads\/2023\/10\/00100srPORTRAIT_00100_BURST20220203095817485_COVER2-1-12x12.jpg 12w, https:\/\/mano-klinika.lt\/wp-content\/uploads\/2023\/10\/00100srPORTRAIT_00100_BURST20220203095817485_COVER2-1-100x100.jpg 100w\" sizes=\"auto, (max-width: 2560px) 100vw, 2560px\" \/>                                                    <\/div>\r\n\t\t\t\t\t<\/div>\r\n\t\t\t\t\t\r\n                    <div class=\"col-lg-6\">\r\n                        <div class=\"faq-accordion\">\r\n                            <ul class=\"accordion\">\r\n                            \t\t                                <li data-aos=\"fade-up\" data-aos-duration=\"2000\" class=\"accordion-item\">\r\n\t                                    <a class=\"accordion-title\" href=\"javascript:void(0)\">\r\n\t                                        <i class=\"bx bx-plus\"><\/i>\r\n\t                                        What is Mano Klinika?\t                                    <\/a>\r\n\t                                    <p class=\"accordion-content\">\r\n\t                                        \"Mano klinika is a specialised clinic in Vilnius offering orthopaedic, traumatology and rehabilitation services.\t                                    <\/p>\r\n\t                                <\/li>\r\n                                \t                                <li data-aos=\"fade-up\" data-aos-duration=\"2000\" class=\"accordion-item\">\r\n\t                                    <a class=\"accordion-title\" href=\"javascript:void(0)\">\r\n\t                                        <i class=\"bx bx-plus\"><\/i>\r\n\t                                        How do I arrange a meeting?\t                                    <\/a>\r\n\t                                    <p class=\"accordion-content\">\r\n\t                                        To make an appointment, you can call the number on our website or fill in the online form.\t                                    <\/p>\r\n\t                                <\/li>\r\n                                \t                                <li data-aos=\"fade-up\" data-aos-duration=\"2000\" class=\"accordion-item\">\r\n\t                                    <a class=\"accordion-title\" href=\"javascript:void(0)\">\r\n\t                                        <i class=\"bx bx-plus\"><\/i>\r\n\t                                        Do you accept insurance?\t                                    <\/a>\r\n\t                                    <p class=\"accordion-content\">\r\n\t                                        Yes, we work with many insurance companies. We recommend that you check with your insurance company before your visit to find out about their cover.\t                                    <\/p>\r\n\t                                <\/li>\r\n                                \t                                <li data-aos=\"fade-up\" data-aos-duration=\"2000\" class=\"accordion-item\">\r\n\t                                    <a class=\"accordion-title\" href=\"javascript:void(0)\">\r\n\t                                        <i class=\"bx bx-plus\"><\/i>\r\n\t                                        What treatment methods do you use?\t                                    <\/a>\r\n\t                                    <p class=\"accordion-content\">\r\n\t                                        We use advanced and proven treatments, combining classical methods with the latest medical innovations.\t                                    <\/p>\r\n\t                                <\/li>\r\n                                \t                                <li data-aos=\"fade-up\" data-aos-duration=\"2000\" class=\"accordion-item\">\r\n\t                                    <a class=\"accordion-title\" href=\"javascript:void(0)\">\r\n\t                                        <i class=\"bx bx-plus\"><\/i>\r\n\t                                        Do you have a rehabilitation centre?\t                                    <\/a>\r\n\t                                    <p class=\"accordion-content\">\r\n\t                                        Yes, we have a rehabilitation centre where specialists can help you recover from surgery or injury.\t                                    <\/p>\r\n\t                                <\/li>\r\n                                \t                                <li data-aos=\"fade-up\" data-aos-duration=\"2000\" class=\"accordion-item\">\r\n\t                                    <a class=\"accordion-title\" href=\"javascript:void(0)\">\r\n\t                                        <i class=\"bx bx-plus\"><\/i>\r\n\t                                        How long does the rehabilitation process take?\t                                    <\/a>\r\n\t                                    <p class=\"accordion-content\">\r\n\t                                        The length of rehabilitation depends on the patient's specific situation and condition. Our specialists develop an individual plan for each patient.\t                                    <\/p>\r\n\t                                <\/li>\r\n                                \t                                <li data-aos=\"fade-up\" data-aos-duration=\"2000\" class=\"accordion-item\">\r\n\t                                    <a class=\"accordion-title\" href=\"javascript:void(0)\">\r\n\t                                        <i class=\"bx bx-plus\"><\/i>\r\n\t                                        What documents do I need to take with me?\t                                    <\/a>\r\n\t                                    <p class=\"accordion-content\">\r\n\t                                        Carry your passport, your insurance policy (if you have one) and any medical documents you may have (e.g. MRI results, X-rays).\t                                    <\/p>\r\n\t                                <\/li>\r\n                                \t                                <li data-aos=\"fade-up\" data-aos-duration=\"2000\" class=\"accordion-item\">\r\n\t                                    <a class=\"accordion-title\" href=\"javascript:void(0)\">\r\n\t                                        <i class=\"bx bx-plus\"><\/i>\r\n\t                                        Can I get a consultation online?\t                                    <\/a>\r\n\t                                    <p class=\"accordion-content\">\r\n\t                                        Yes, we offer online consultations. To do so, you need to book an appointment on our website or by phone.\t                                    <\/p>\r\n\t                                <\/li>\r\n                                \t                                <li data-aos=\"fade-up\" data-aos-duration=\"2000\" class=\"accordion-item\">\r\n\t                                    <a class=\"accordion-title\" href=\"javascript:void(0)\">\r\n\t                                        <i class=\"bx bx-plus\"><\/i>\r\n\t                                        Do you have parking?\t                                    <\/a>\r\n\t                                    <p class=\"accordion-content\">\r\n\t                                        Yes, our clinic has convenient parking for patients.\t                                    <\/p>\r\n\t                                <\/li>\r\n                                \t                                <li data-aos=\"fade-up\" data-aos-duration=\"2000\" class=\"accordion-item\">\r\n\t                                    <a class=\"accordion-title\" href=\"javascript:void(0)\">\r\n\t                                        <i class=\"bx bx-plus\"><\/i>\r\n\t                                        What are the clinic's opening hours?\t                                    <\/a>\r\n\t                                    <p class=\"accordion-content\">\r\n\t                                        Our opening hours are listed on the website. We are open six days a week, but a doctor is on call in case of an emergency.\t                                    <\/p>\r\n\t                                <\/li>\r\n                                                            <\/ul>\r\n                        <\/div>\r\n                    <\/div>\r\n                <\/div>\r\n            <\/div>\r\n\t\t<\/section>\r\n\t\t<!-- END FAQ AREA -->\r\n\r\n    \t\t<\/div>\n\t\t\t\t<\/div>\n\t\t\t\t<section class=\"elementor-section elementor-inner-section elementor-element elementor-element-02e9ddf elementor-section-boxed elementor-section-height-default elementor-section-height-default\" data-id=\"02e9ddf\" data-element_type=\"section\">\n\t\t\t\t\t\t<div class=\"elementor-container elementor-column-gap-default\">\n\t\t\t\t\t<div class=\"elementor-column elementor-col-50 elementor-inner-column elementor-element elementor-element-86fb1d9\" data-id=\"86fb1d9\" data-element_type=\"column\">\n\t\t\t<div class=\"elementor-widget-wrap elementor-element-populated\">\n\t\t\t\t\t\t\t\t<div class=\"elementor-element elementor-element-629980d elementor-widget elementor-widget-shortcode\" data-id=\"629980d\" data-element_type=\"widget\" data-widget_type=\"shortcode.default\">\n\t\t\t\t<div class=\"elementor-widget-container\">\n\t\t\t\t\t<div class=\"elementor-shortcode\"><style>\n.mydoc__widget button {padding: inherit;margin-bottom: 0;}\n.mydoc__widget .mydoc__doctor {background-color: #eaf6fc !important; }\n.mydoc__widget .mydoc__calendar__register button {background-color: #19ce67 !important; font-family: \"Rubik, sans-serif\" !important; }\n.mydoc__widget .mydoc__calendar__expander button  {background-color: #eaf6fc !important; }\n\/\/.mydoc__widget .mydoc__calendar__expander .mydoc--icon svg  {fill: #fff !important; }\n<\/style><div mydoc-widget mydoc-doctor=\"14877\" mydoc-clinic=\"2639\"><\/div><\/div>\n\t\t\t\t<\/div>\n\t\t\t\t<\/div>\n\t\t\t\t\t<\/div>\n\t\t<\/div>\n\t\t\t\t<div class=\"elementor-column elementor-col-50 elementor-inner-column elementor-element elementor-element-206f901\" data-id=\"206f901\" data-element_type=\"column\">\n\t\t\t<div class=\"elementor-widget-wrap elementor-element-populated\">\n\t\t\t\t\t\t\t\t<div class=\"elementor-element elementor-element-5f0feb5 elementor-widget elementor-widget-shortcode\" data-id=\"5f0feb5\" data-element_type=\"widget\" data-widget_type=\"shortcode.default\">\n\t\t\t\t<div class=\"elementor-widget-container\">\n\t\t\t\t\t<div class=\"elementor-shortcode\"><style>\n.mydoc__widget button {padding: inherit;margin-bottom: 0;}\n.mydoc__widget .mydoc__doctor {background-color: #eaf6fc !important; }\n.mydoc__widget .mydoc__calendar__register button {background-color: #19ce67 !important; font-family: \"Rubik, sans-serif\" !important; }\n.mydoc__widget .mydoc__calendar__expander button  {background-color: #eaf6fc !important; }\n\/\/.mydoc__widget .mydoc__calendar__expander .mydoc--icon svg  {fill: #fff !important; }\n<\/style><div mydoc-widget mydoc-doctor=\"16140\" mydoc-clinic=\"2639\"><\/div><\/div>\n\t\t\t\t<\/div>\n\t\t\t\t<\/div>\n\t\t\t\t\t<\/div>\n\t\t<\/div>\n\t\t\t\t\t\t\t<\/div>\n\t\t<\/section>\n\t\t\t\t\t<\/div>\n\t\t<\/div>\n\t\t\t\t\t\t\t<\/div>\n\t\t<\/section>\n\t\t\t\t\t\t\t<\/div>","protected":false},"excerpt":{"rendered":"<p>KLAUSIMAI IR ATSAKYMAI Da\u017enai u\u017eduodami klausimai Tikim\u0117s, kad \u0161ie atsakymai jums pad\u0117s. Jei turite kit\u0173 klausim\u0173, nedvejodami kreipkit\u0117s \u012f mus! Kas yra Mano Klinika? \u201eMano klinika\u201c yra specializuota klinika Vilniuje, teikianti ortopedijos, traumatologijos ir reabilitacijos paslaugas. Kaip susitarti d\u0117l susitikimo? Nor\u0117dami susitarti d\u0117l susitikimo, galite skambinti m\u016bs\u0173 svetain\u0117je nurodytu numeriu arba u\u017epildyti internetin\u0119 form\u0105. Ar [&hellip;]<\/p>\n","protected":false},"author":1,"featured_media":0,"parent":0,"menu_order":0,"comment_status":"closed","ping_status":"closed","template":"template-parts\/page-full-width.php","meta":{"footnotes":""},"class_list":["post-76","page","type-page","status-publish","hentry"],"yoast_head":"<!-- This site is optimized with the Yoast SEO plugin v23.5 - https:\/\/yoast.com\/wordpress\/plugins\/seo\/ -->\n<title>Atsakymai \u012f da\u017eniausiai u\u017eduodamus klausimus<\/title>\n<meta name=\"description\" content=\"Atsakymai \u012f da\u017eniausiai u\u017eduodamus klausimus \u2705 Profesional\u016bs gydytojai \u2705 \u0160iuolaikin\u0117s technologijos \u2705 Prieinamos kainos \u260e +370 691 98577\" \/>\n<meta name=\"robots\" content=\"index, follow, max-snippet:-1, max-image-preview:large, max-video-preview:-1\" \/>\n<link rel=\"canonical\" href=\"https:\/\/mano-klinika.lt\/en\/frequently-asked-questions\/\" \/>\n<meta property=\"og:locale\" content=\"en_US\" \/>\n<meta property=\"og:type\" content=\"article\" \/>\n<meta property=\"og:title\" content=\"Atsakymai \u012f da\u017eniausiai u\u017eduodamus klausimus\" \/>\n<meta property=\"og:description\" content=\"Atsakymai \u012f da\u017eniausiai u\u017eduodamus klausimus \u2705 Profesional\u016bs gydytojai \u2705 \u0160iuolaikin\u0117s technologijos \u2705 Prieinamos kainos \u260e +370 691 98577\" \/>\n<meta property=\"og:url\" content=\"https:\/\/mano-klinika.lt\/en\/frequently-asked-questions\/\" \/>\n<meta property=\"og:site_name\" content=\"Mano Klinika: Pirmaujanti ortopedija ir traumatologija Vilniuje\" \/>\n<meta property=\"article:publisher\" content=\"https:\/\/www.facebook.com\/manoklinikaV\" \/>\n<meta property=\"article:modified_time\" content=\"2025-08-04T06:21:48+00:00\" \/>\n<meta property=\"og:image\" content=\"https:\/\/mano-klinika.lt\/wp-content\/uploads\/2023\/10\/00100srPORTRAIT_00100_BURST20220203095817485_COVER2-1-scaled.jpg\" \/>\n<meta name=\"twitter:card\" content=\"summary_large_image\" \/>\n<meta name=\"twitter:label1\" content=\"Est. reading time\" \/>\n\t<meta name=\"twitter:data1\" content=\"2 minutes\" \/>\n<script type=\"application\/ld+json\" class=\"yoast-schema-graph\">{\"@context\":\"https:\/\/schema.org\",\"@graph\":[{\"@type\":\"WebPage\",\"@id\":\"https:\/\/mano-klinika.lt\/frequently-asked-questions\/\",\"url\":\"https:\/\/mano-klinika.lt\/frequently-asked-questions\/\",\"name\":\"Atsakymai \u012f da\u017eniausiai u\u017eduodamus klausimus\",\"isPartOf\":{\"@id\":\"https:\/\/mano-klinika.lt\/#website\"},\"primaryImageOfPage\":{\"@id\":\"https:\/\/mano-klinika.lt\/frequently-asked-questions\/#primaryimage\"},\"image\":{\"@id\":\"https:\/\/mano-klinika.lt\/frequently-asked-questions\/#primaryimage\"},\"thumbnailUrl\":\"https:\/\/mano-klinika.lt\/wp-content\/uploads\/2023\/10\/00100srPORTRAIT_00100_BURST20220203095817485_COVER2-1-scaled.jpg\",\"datePublished\":\"2022-09-27T13:30:14+00:00\",\"dateModified\":\"2025-08-04T06:21:48+00:00\",\"description\":\"Atsakymai \u012f da\u017eniausiai u\u017eduodamus klausimus \u2705 Profesional\u016bs gydytojai \u2705 \u0160iuolaikin\u0117s technologijos \u2705 Prieinamos kainos \u260e +370 691 98577\",\"breadcrumb\":{\"@id\":\"https:\/\/mano-klinika.lt\/frequently-asked-questions\/#breadcrumb\"},\"inLanguage\":\"en-US\",\"potentialAction\":[{\"@type\":\"ReadAction\",\"target\":[\"https:\/\/mano-klinika.lt\/frequently-asked-questions\/\"]}]},{\"@type\":\"ImageObject\",\"inLanguage\":\"en-US\",\"@id\":\"https:\/\/mano-klinika.lt\/frequently-asked-questions\/#primaryimage\",\"url\":\"https:\/\/mano-klinika.lt\/wp-content\/uploads\/2023\/10\/00100srPORTRAIT_00100_BURST20220203095817485_COVER2-1-scaled.jpg\",\"contentUrl\":\"https:\/\/mano-klinika.lt\/wp-content\/uploads\/2023\/10\/00100srPORTRAIT_00100_BURST20220203095817485_COVER2-1-scaled.jpg\"},{\"@type\":\"BreadcrumbList\",\"@id\":\"https:\/\/mano-klinika.lt\/frequently-asked-questions\/#breadcrumb\",\"itemListElement\":[{\"@type\":\"ListItem\",\"position\":1,\"name\":\"\u0413\u043b\u0430\u0432\u043d\u0430\u044f \u0441\u0442\u0440\u0430\u043d\u0438\u0446\u0430\",\"item\":\"https:\/\/mano-klinika.lt\/\"},{\"@type\":\"ListItem\",\"position\":2,\"name\":\"Da\u017enai u\u017eduodami klausimai\"}]},{\"@type\":\"WebSite\",\"@id\":\"https:\/\/mano-klinika.lt\/#website\",\"url\":\"https:\/\/mano-klinika.lt\/\",\"name\":\"Mano Klinika: Pirmaujanti ortopedija ir traumatologija Vilniuje\",\"description\":\"Mano Klinika: Pa\u017eang\u016bs metodai ir ekspertiniai sprendimai ortopedijos ir traumatologijos srityje. J\u016bs\u0173 sveikas pasirinkimas Vilniuje.\",\"publisher\":{\"@id\":\"https:\/\/mano-klinika.lt\/#organization\"},\"potentialAction\":[{\"@type\":\"SearchAction\",\"target\":{\"@type\":\"EntryPoint\",\"urlTemplate\":\"https:\/\/mano-klinika.lt\/?s={search_term_string}\"},\"query-input\":{\"@type\":\"PropertyValueSpecification\",\"valueRequired\":true,\"valueName\":\"search_term_string\"}}],\"inLanguage\":\"en-US\"},{\"@type\":\"Organization\",\"@id\":\"https:\/\/mano-klinika.lt\/#organization\",\"name\":\"Mano Klinika: Pirmaujanti ortopedija ir traumatologija Vilniuje\",\"url\":\"https:\/\/mano-klinika.lt\/\",\"logo\":{\"@type\":\"ImageObject\",\"inLanguage\":\"en-US\",\"@id\":\"https:\/\/mano-klinika.lt\/#\/schema\/logo\/image\/\",\"url\":\"https:\/\/mano-klinika.lt\/wp-content\/uploads\/2023\/08\/cropped-fav.png\",\"contentUrl\":\"https:\/\/mano-klinika.lt\/wp-content\/uploads\/2023\/08\/cropped-fav.png\",\"width\":512,\"height\":512,\"caption\":\"Mano Klinika: Pirmaujanti ortopedija ir traumatologija Vilniuje\"},\"image\":{\"@id\":\"https:\/\/mano-klinika.lt\/#\/schema\/logo\/image\/\"},\"sameAs\":[\"https:\/\/www.facebook.com\/manoklinikaV\",\"https:\/\/instagram.com\/manoklinika\"]}]}<\/script>\n<!-- \/ Yoast SEO plugin. -->","yoast_head_json":{"title":"Answers to frequently asked questions","description":"Answers to the most frequently asked questions \u2705 Professional doctors \u2705 Modern technology \u2705 Affordable prices \u260e +370 691 98577","robots":{"index":"index","follow":"follow","max-snippet":"max-snippet:-1","max-image-preview":"max-image-preview:large","max-video-preview":"max-video-preview:-1"},"canonical":"https:\/\/mano-klinika.lt\/en\/frequently-asked-questions\/","og_locale":"en_US","og_type":"article","og_title":"Atsakymai \u012f da\u017eniausiai u\u017eduodamus klausimus","og_description":"Atsakymai \u012f da\u017eniausiai u\u017eduodamus klausimus \u2705 Profesional\u016bs gydytojai \u2705 \u0160iuolaikin\u0117s technologijos \u2705 Prieinamos kainos \u260e +370 691 98577","og_url":"https:\/\/mano-klinika.lt\/en\/frequently-asked-questions\/","og_site_name":"Mano Klinika: Pirmaujanti ortopedija ir traumatologija Vilniuje","article_publisher":"https:\/\/www.facebook.com\/manoklinikaV","article_modified_time":"2025-08-04T06:21:48+00:00","og_image":[{"url":"https:\/\/mano-klinika.lt\/wp-content\/uploads\/2023\/10\/00100srPORTRAIT_00100_BURST20220203095817485_COVER2-1-scaled.jpg"}],"twitter_card":"summary_large_image","twitter_misc":{"Est. reading time":"2 minutes"},"schema":{"@context":"https:\/\/schema.org","@graph":[{"@type":"WebPage","@id":"https:\/\/mano-klinika.lt\/frequently-asked-questions\/","url":"https:\/\/mano-klinika.lt\/frequently-asked-questions\/","name":"Answers to frequently asked questions","isPartOf":{"@id":"https:\/\/mano-klinika.lt\/#website"},"primaryImageOfPage":{"@id":"https:\/\/mano-klinika.lt\/frequently-asked-questions\/#primaryimage"},"image":{"@id":"https:\/\/mano-klinika.lt\/frequently-asked-questions\/#primaryimage"},"thumbnailUrl":"https:\/\/mano-klinika.lt\/wp-content\/uploads\/2023\/10\/00100srPORTRAIT_00100_BURST20220203095817485_COVER2-1-scaled.jpg","datePublished":"2022-09-27T13:30:14+00:00","dateModified":"2025-08-04T06:21:48+00:00","description":"Answers to the most frequently asked questions \u2705 Professional doctors \u2705 Modern technology \u2705 Affordable prices \u260e +370 691 98577","breadcrumb":{"@id":"https:\/\/mano-klinika.lt\/frequently-asked-questions\/#breadcrumb"},"inLanguage":"en-US","potentialAction":[{"@type":"ReadAction","target":["https:\/\/mano-klinika.lt\/frequently-asked-questions\/"]}]},{"@type":"ImageObject","inLanguage":"en-US","@id":"https:\/\/mano-klinika.lt\/frequently-asked-questions\/#primaryimage","url":"https:\/\/mano-klinika.lt\/wp-content\/uploads\/2023\/10\/00100srPORTRAIT_00100_BURST20220203095817485_COVER2-1-scaled.jpg","contentUrl":"https:\/\/mano-klinika.lt\/wp-content\/uploads\/2023\/10\/00100srPORTRAIT_00100_BURST20220203095817485_COVER2-1-scaled.jpg"},{"@type":"BreadcrumbList","@id":"https:\/\/mano-klinika.lt\/frequently-asked-questions\/#breadcrumb","itemListElement":[{"@type":"ListItem","position":1,"name":"\u0413\u043b\u0430\u0432\u043d\u0430\u044f \u0441\u0442\u0440\u0430\u043d\u0438\u0446\u0430","item":"https:\/\/mano-klinika.lt\/"},{"@type":"ListItem","position":2,"name":"Da\u017enai u\u017eduodami klausimai"}]},{"@type":"WebSite","@id":"https:\/\/mano-klinika.lt\/#website","url":"https:\/\/mano-klinika.lt\/","name":"Mano Klinika: Leading orthopaedics and traumatology in Vilnius","description":"Mano Klinika: Advanced techniques and expert solutions in orthopaedics and traumatology. Your healthy choice in Vilnius.","publisher":{"@id":"https:\/\/mano-klinika.lt\/#organization"},"potentialAction":[{"@type":"SearchAction","target":{"@type":"EntryPoint","urlTemplate":"https:\/\/mano-klinika.lt\/?s={search_term_string}"},"query-input":{"@type":"PropertyValueSpecification","valueRequired":true,"valueName":"search_term_string"}}],"inLanguage":"en-US"},{"@type":"Organization","@id":"https:\/\/mano-klinika.lt\/#organization","name":"Mano Klinika: Leading orthopaedics and traumatology in Vilnius","url":"https:\/\/mano-klinika.lt\/","logo":{"@type":"ImageObject","inLanguage":"en-US","@id":"https:\/\/mano-klinika.lt\/#\/schema\/logo\/image\/","url":"https:\/\/mano-klinika.lt\/wp-content\/uploads\/2023\/08\/cropped-fav.png","contentUrl":"https:\/\/mano-klinika.lt\/wp-content\/uploads\/2023\/08\/cropped-fav.png","width":512,"height":512,"caption":"Mano Klinika: Pirmaujanti ortopedija ir traumatologija Vilniuje"},"image":{"@id":"https:\/\/mano-klinika.lt\/#\/schema\/logo\/image\/"},"sameAs":["https:\/\/www.facebook.com\/manoklinikaV","https:\/\/instagram.com\/manoklinika"]}]}},"jetpack_sharing_enabled":true,"_links":{"self":[{"href":"https:\/\/mano-klinika.lt\/en\/wp-json\/wp\/v2\/pages\/76","targetHints":{"allow":["GET"]}}],"collection":[{"href":"https:\/\/mano-klinika.lt\/en\/wp-json\/wp\/v2\/pages"}],"about":[{"href":"https:\/\/mano-klinika.lt\/en\/wp-json\/wp\/v2\/types\/page"}],"author":[{"embeddable":true,"href":"https:\/\/mano-klinika.lt\/en\/wp-json\/wp\/v2\/users\/1"}],"replies":[{"embeddable":true,"href":"https:\/\/mano-klinika.lt\/en\/wp-json\/wp\/v2\/comments?post=76"}],"version-history":[{"count":17,"href":"https:\/\/mano-klinika.lt\/en\/wp-json\/wp\/v2\/pages\/76\/revisions"}],"predecessor-version":[{"id":1623,"href":"https:\/\/mano-klinika.lt\/en\/wp-json\/wp\/v2\/pages\/76\/revisions\/1623"}],"wp:attachment":[{"href":"https:\/\/mano-klinika.lt\/en\/wp-json\/wp\/v2\/media?parent=76"}],"curies":[{"name":"wp","href":"https:\/\/api.w.org\/{rel}","templated":true}]}}