{"id":48,"date":"2022-09-27T13:17:16","date_gmt":"2022-09-27T13:17:16","guid":{"rendered":"https:\/\/manoklinika.eu\/?page_id=48"},"modified":"2024-10-21T13:54:25","modified_gmt":"2024-10-21T10:54:25","slug":"contact","status":"publish","type":"page","link":"https:\/\/mano-klinika.lt\/ru\/\u0441\u0432\u044f\u0437\u0430\u0442\u044c\u0441\u044f-\u0441\/","title":{"rendered":"\u041d\u0430\u0448\u0438 \u043a\u043e\u043d\u0442\u0430\u043a\u0442\u044b"},"content":{"rendered":"<div data-elementor-type=\"wp-page\" data-elementor-id=\"48\" class=\"elementor elementor-48\">\n\t\t\t\t\t\t\t\t\t<section class=\"elementor-section elementor-top-section elementor-element elementor-element-da8ec67 elementor-section-full_width elementor-section-height-default elementor-section-height-default\" data-id=\"da8ec67\" data-element_type=\"section\">\n\t\t\t\t\t\t<div class=\"elementor-container elementor-column-gap-no\">\n\t\t\t\t\t<div class=\"elementor-column elementor-col-100 elementor-top-column elementor-element elementor-element-fc5966a\" data-id=\"fc5966a\" data-element_type=\"column\">\n\t\t\t<div class=\"elementor-widget-wrap elementor-element-populated\">\n\t\t\t\t\t\t\t\t<div class=\"elementor-element elementor-element-cf3c899 elementor-widget elementor-widget-contact\" data-id=\"cf3c899\" data-element_type=\"widget\" data-widget_type=\"contact.default\">\n\t\t\t\t<div class=\"elementor-widget-container\">\n\t\t\t\r\n\t    \t<section class=\"contact-form-area ptb-70\">\r\n\t            <div class=\"container\">\r\n\t                <div data-aos=\"fade-up\" data-aos-duration=\"1200\" class=\"section-title\">\r\n\t                    <h2>Mano Klinika<\/h2>\r\n\t                    <p>\u0421\u043e\u0432\u0440\u0435\u043c\u0435\u043d\u043d\u0430\u044f \u043e\u0440\u0442\u043e\u043f\u0435\u0434\u0438\u0447\u0435\u0441\u043a\u0430\u044f \u0438 \u0442\u0440\u0430\u0432\u043c\u0430\u0442\u043e\u043b\u043e\u0433\u0438\u0447\u0435\u0441\u043a\u0430\u044f \u043a\u043b\u0438\u043d\u0438\u043a\u0430 \u0432 \u0441\u0430\u043c\u043e\u043c \u0441\u0435\u0440\u0434\u0446\u0435 \u0412\u0438\u043b\u044c\u043d\u044e\u0441\u0430! \u0418\u0441\u043f\u043e\u043b\u044c\u0437\u0443\u044f \u0438\u043d\u043d\u043e\u0432\u0430\u0446\u0438\u043e\u043d\u043d\u044b\u0435 \u0442\u0435\u0445\u043d\u043e\u043b\u043e\u0433\u0438\u0438 \u0438 \u043f\u0435\u0440\u0435\u0434\u043e\u0432\u044b\u0435 \u043c\u0435\u0442\u043e\u0434\u0438\u043a\u0438, \u043c\u044b \u0432\u0435\u0440\u043d\u0435\u043c \u0432\u0430\u043c \u0441\u0432\u043e\u0431\u043e\u0434\u0443 \u0434\u0432\u0438\u0436\u0435\u043d\u0438\u044f \u0438 \u043a\u043e\u043c\u0444\u043e\u0440\u0442 \u0436\u0438\u0437\u043d\u0438. \u0412\u0430\u0448\u0430 \u0431\u0435\u0437\u043e\u043f\u0430\u0441\u043d\u043e\u0441\u0442\u044c, \u0437\u0434\u043e\u0440\u043e\u0432\u044c\u0435 \u0438 \u0443\u0432\u0435\u0440\u0435\u043d\u043d\u043e\u0441\u0442\u044c \u043d\u0430 \u043a\u0430\u0436\u0434\u043e\u043c \u0448\u0430\u0433\u0443 - \u043d\u0430\u0448\u0430 \u043c\u0438\u0441\u0441\u0438\u044f. \u0412\u0441\u0442\u0440\u0435\u0447\u0430\u0439\u0442\u0435 \u0431\u0443\u0434\u0443\u0449\u0435\u0435 \u043b\u0438\u0442\u043e\u0432\u0441\u043a\u043e\u0439 \u043e\u0440\u0442\u043e\u043f\u0435\u0434\u0438\u0438!<\/p>\r\n\t                <\/div>\r\n\t                <div class=\"row\">\r\n\t                \t\t\t                    <div data-aos=\"fade-up\" data-aos-duration=\"1200\" class=\"col-lg-6\">\r\n\t\t                        <div class=\"get-in-touch\">\r\n\t\t                            <h3>\u0421\u0432\u044f\u0436\u0438\u0442\u0435\u0441\u044c \u0441 \u043d\u0430\u043c\u0438<\/h3>\r\n\t\t                            <ul>\r\n\t\t                            \t\t\t\t                                <li>\r\n\t\t\t                                    <div class=\"icon\">\r\n\t\t\t                                        \t\t\t\t\t                            \t    <i class=\"bx bx-location-plus\"><\/i>\r\n\t\t\t\t\t                            \t\t\t\t                                    <\/div>\r\n\t\t\t                                    <span>\u0410\u0434\u0440\u0435\u0441:<\/span>\r\n\t\t\t                                    <p>Mi\u0161kini\u0173 g. 6, 04132 Vilnius, Lithuania.<\/p>\t\t\t                                <\/li>\r\n\t\t                                \t\t\t                                <li>\r\n\t\t\t                                    <div class=\"icon\">\r\n\t\t\t                                        \t\t\t\t\t                            \t    <i class=\"bx bx-envelope\"><\/i>\r\n\t\t\t\t\t                            \t\t\t\t                                    <\/div>\r\n\t\t\t                                    <span>\u042d\u043b\u0435\u043a\u0442\u0440\u043e\u043d\u043d\u0430\u044f \u043f\u043e\u0447\u0442\u0430:<\/span>\r\n\t\t\t                                    <p>info@manoklinika.eu<\/p>\t\t\t                                <\/li>\r\n\t\t                                \t\t\t                                <li>\r\n\t\t\t                                    <div class=\"icon\">\r\n\t\t\t                                        \t\t\t\t\t                            \t    <i class=\"bx bx-phone-call\"><\/i>\r\n\t\t\t\t\t                            \t\t\t\t                                    <\/div>\r\n\t\t\t                                    <span>\u0422\u0435\u043b\u0435\u0444\u043e\u043d\u044b:<\/span>\r\n\t\t\t                                    <a href=\"tel:+37069198577\">+370 691 98577<\/a><br>\n<a href=\"tel:+37052080434\">+370 5 208 0434<\/a>\n\t\t\t                                <\/li>\r\n\t\t                                \t\t                            <\/ul>\r\n\t\t                            \t\t\t\t\t\t\t\t        <!-- START MAP AREA -->\r\n\t\t\t\t\t\t\t\t\t\t<div data-aos=\"fade-up\" data-aos-duration=\"1600\" class=\"contact-map\">\r\n\t\t\t\t\t\t\t\t\t\t\t<iframe src=\"https:\/\/www.google.com\/maps\/embed?pb=!1m18!1m12!1m3!1d576.7914954761179!2d25.22729327621241!3d54.67150676940731!2m3!1f0!2f0!3f0!3m2!1i1024!2i768!4f13.1!3m3!1m2!1s0x46dd93e4d522473f%3A0x58c8aa5a462d3bb2!2sMano%20Klinika%20-%20Ortopedija%20ir%20traumatologija!5e0!3m2!1sru!2slt!4v1692094686683!5m2!1sru!2slt\" width=\"800\" height=\"600\" style=\"border:0;\" allowfullscreen=\"\" loading=\"lazy\" referrerpolicy=\"no-referrer-when-downgrade\"><\/iframe>\t\t\t\t\t\t\t\t\t\t<\/div>\r\n\t\t\t\t\t\t\t\t\t    <!-- END MAP AREA -->\r\n\t\t\t\t\t\t\t\t    \t\t                        <\/div>\r\n\t\t                    <\/div>\r\n\t                    \t                    <div data-aos=\"fade-up\" data-aos-duration=\"1600\" class=\"col-lg-6\">\r\n\t                        <div class=\"contact-form\">\r\n\t                            <h3>\u041e\u0442\u043f\u0440\u0430\u0432\u0438\u0442\u044c \u043d\u0430\u043c \u0441\u043e\u043e\u0431\u0449\u0435\u043d\u0438\u0435<\/h3>\r\n\t                            \n<div class=\"wpcf7 no-js\" id=\"wpcf7-f731-o1\" lang=\"en-US\" dir=\"ltr\">\n<div class=\"screen-reader-response\"><p role=\"status\" aria-live=\"polite\" aria-atomic=\"true\"><\/p> <ul><\/ul><\/div>\n<form action=\"\/ru\/wp-json\/wp\/v2\/pages\/48#wpcf7-f731-o1\" method=\"post\" class=\"wpcf7-form init\" aria-label=\"\u041a\u043e\u043d\u0442\u0430\u043a\u0442\u043d\u0430\u044f \u0444\u043e\u0440\u043c\u0430\" novalidate=\"novalidate\" data-status=\"init\" data-trp-original-action=\"\/ru\/wp-json\/wp\/v2\/pages\/48#wpcf7-f731-o1\">\n<div style=\"display: none;\">\n<input type=\"hidden\" name=\"_wpcf7\" value=\"731\" \/>\n<input type=\"hidden\" name=\"_wpcf7_version\" value=\"5.8.1\" \/>\n<input type=\"hidden\" name=\"_wpcf7_locale\" value=\"en_US\" \/>\n<input type=\"hidden\" name=\"_wpcf7_unit_tag\" value=\"wpcf7-f731-o1\" \/>\n<input type=\"hidden\" name=\"_wpcf7_container_post\" value=\"0\" \/>\n<input type=\"hidden\" name=\"_wpcf7_posted_data_hash\" value=\"\" \/>\n<\/div>\n<p><label> \u0412\u0430\u0448\u0435 \u0438\u043c\u044f \u0438 \u0444\u0430\u043c\u0438\u043b\u0438\u044f<br \/>\n<span class=\"wpcf7-form-control-wrap\" data-name=\"your-name\"><input size=\"40\" class=\"wpcf7-form-control wpcf7-text wpcf7-validates-as-required form-control\" aria-required=\"true\" aria-invalid=\"false\" placeholder=\"\u0412\u0430\u0448\u0435 \u0438\u043c\u044f \u0438 \u0444\u0430\u043c\u0438\u043b\u0438\u044f\" value=\"\" type=\"text\" name=\"your-name\" \/><\/span> <\/label>\n<\/p>\n<p><label> \u0412\u0430\u0448 \u0430\u0434\u0440\u0435\u0441 \u044d\u043b\u0435\u043a\u0442\u0440\u043e\u043d\u043d\u043e\u0439 \u043f\u043e\u0447\u0442\u044b<br \/>\n<span class=\"wpcf7-form-control-wrap\" data-name=\"your-email\"><input size=\"40\" class=\"wpcf7-form-control wpcf7-email wpcf7-validates-as-required wpcf7-text wpcf7-validates-as-email form-control\" aria-required=\"true\" aria-invalid=\"false\" placeholder=\"\u0412\u0430\u0448 \u0430\u0434\u0440\u0435\u0441 \u044d\u043b\u0435\u043a\u0442\u0440\u043e\u043d\u043d\u043e\u0439 \u043f\u043e\u0447\u0442\u044b\" value=\"\" type=\"email\" name=\"your-email\" \/><\/span> <\/label>\n<\/p>\n<p><label> \u0412\u0430\u0448 \u043d\u043e\u043c\u0435\u0440 \u0442\u0435\u043b\u0435\u0444\u043e\u043d\u0430<br \/>\n<span class=\"wpcf7-form-control-wrap\" data-name=\"your-phone\"><input size=\"40\" class=\"wpcf7-form-control wpcf7-tel wpcf7-text wpcf7-validates-as-tel form-control\" aria-invalid=\"false\" placeholder=\"\u0412\u0430\u0448 \u0442\u0435\u043b\u0435\u0444\u043e\u043d\" value=\"\" type=\"tel\" name=\"your-phone\" \/><\/span> <\/label>\n<\/p>\n<p><label> \u0422\u0435\u043c\u0430\u0442\u0438\u0447\u0435\u0441\u043a\u0430\u044f \u043b\u0438\u043d\u0438\u044f<br \/>\n<span class=\"wpcf7-form-control-wrap\" data-name=\"your-subject\"><input size=\"40\" class=\"wpcf7-form-control wpcf7-text wpcf7-validates-as-required form-control\" aria-required=\"true\" aria-invalid=\"false\" placeholder=\"\u0422\u0435\u043c\u0430\u0442\u0438\u0447\u0435\u0441\u043a\u0430\u044f \u043b\u0438\u043d\u0438\u044f\" value=\"\" type=\"text\" name=\"your-subject\" \/><\/span> <\/label>\n<\/p>\n<p><label> \u0412\u0430\u0448\u0435 \u0441\u043e\u043e\u0431\u0449\u0435\u043d\u0438\u0435<br \/>\n<span class=\"wpcf7-form-control-wrap\" data-name=\"your-message\"><textarea cols=\"40\" rows=\"10\" class=\"wpcf7-form-control wpcf7-textarea form-control\" aria-invalid=\"false\" placeholder=\"\u0412\u0430\u0448\u0435 \u0441\u043e\u043e\u0431\u0449\u0435\u043d\u0438\u0435\" name=\"your-message\"><\/textarea><\/span> <\/label>\n<\/p>\n<p><input class=\"wpcf7-form-control wpcf7-submit has-spinner\" type=\"submit\" value=\"\u041e\u0442\u043f\u0440\u0430\u0432\u0438\u0442\u044c \u043f\u043e \u0430\u0434\u0440\u0435\u0441\u0443\" \/>\n<\/p><div class=\"wpcf7-response-output\" aria-hidden=\"true\"><\/div>\n<input type=\"hidden\" name=\"trp-form-language\" value=\"ru\"\/><\/form>\n<\/div>\n\t                        <\/div>               \r\n\t                    <\/div>\r\n\t                <\/div>\r\n\t            <\/div>\r\n\t        <\/section>\r\n\r\n\t    \t\t<\/div>\n\t\t\t\t<\/div>\n\t\t\t\t\t<\/div>\n\t\t<\/div>\n\t\t\t\t\t\t\t<\/div>\n\t\t<\/section>\n\t\t\t\t\t\t\t<\/div>","protected":false},"excerpt":{"rendered":"<p>Mano Klinika Moderni ortopedijos ir traumatologijos klinika pa\u010dioje Vilniaus \u0161irdyje! Naudodami inovatyvias technologijas ir pa\u017eangias metodikas, mes gr\u0105\u017einame Jums jud\u0117jimo laisv\u0119 ir gyvenimo komfort\u0105. J\u016bs\u0173 saugumas, sveikata ir pasitik\u0117jimas kiekviename \u017eingsnyje &#8211; m\u016bs\u0173 misija. Susipa\u017einkite su Lietuvos ortopedijos ateitimi! Susisiekite su mumis Adresas:Mi\u0161kini\u0173 g. 6, 04132 Vilnius, Lithuania. El. pa\u0161tas:info@manoklinika.eu Telefonai: +370 691 98577 +370 [&hellip;]<\/p>\n","protected":false},"author":1,"featured_media":0,"parent":0,"menu_order":0,"comment_status":"closed","ping_status":"closed","template":"template-parts\/page-full-width.php","meta":{"footnotes":""},"class_list":["post-48","page","type-page","status-publish","hentry"],"yoast_head":"<!-- This site is optimized with the Yoast SEO plugin v23.5 - https:\/\/yoast.com\/wordpress\/plugins\/seo\/ -->\n<title>Susisiekite su \u201eMano Klinik\u201c<\/title>\n<meta name=\"description\" content=\"\u201eMano Klinik\u201c kontaktiniai duomenys, adresas, telefono numeris \u2705Profesional\u016bs gydytojai \u2705\u0160iuolaikin\u0117s technologijos \u2705Priimtinos kainos \u260e +370 691 98577\" \/>\n<meta name=\"robots\" content=\"index, follow, max-snippet:-1, max-image-preview:large, max-video-preview:-1\" \/>\n<link rel=\"canonical\" href=\"https:\/\/mano-klinika.lt\/ru\/\u0441\u0432\u044f\u0437\u0430\u0442\u044c\u0441\u044f-\u0441\/\" \/>\n<meta property=\"og:locale\" content=\"ru_RU\" \/>\n<meta property=\"og:type\" content=\"article\" \/>\n<meta property=\"og:title\" content=\"Susisiekite su \u201eMano Klinik\u201c\" \/>\n<meta property=\"og:description\" content=\"\u201eMano Klinik\u201c kontaktiniai duomenys, adresas, telefono numeris \u2705Profesional\u016bs gydytojai \u2705\u0160iuolaikin\u0117s technologijos \u2705Priimtinos kainos \u260e +370 691 98577\" \/>\n<meta property=\"og:url\" content=\"https:\/\/mano-klinika.lt\/ru\/\u0441\u0432\u044f\u0437\u0430\u0442\u044c\u0441\u044f-\u0441\/\" \/>\n<meta property=\"og:site_name\" content=\"Mano Klinika: Pirmaujanti ortopedija ir traumatologija Vilniuje\" \/>\n<meta property=\"article:publisher\" content=\"https:\/\/www.facebook.com\/manoklinikaV\" \/>\n<meta property=\"article:modified_time\" content=\"2024-10-21T10:54:25+00:00\" \/>\n<meta name=\"twitter:card\" content=\"summary_large_image\" \/>\n<meta name=\"twitter:label1\" content=\"\u041f\u0440\u0438\u043c\u0435\u0440\u043d\u043e\u0435 \u0432\u0440\u0435\u043c\u044f \u0434\u043b\u044f \u0447\u0442\u0435\u043d\u0438\u044f\" \/>\n\t<meta name=\"twitter:data1\" content=\"1 \u043c\u0438\u043d\u0443\u0442\u0430\" \/>\n<script type=\"application\/ld+json\" class=\"yoast-schema-graph\">{\"@context\":\"https:\/\/schema.org\",\"@graph\":[{\"@type\":\"WebPage\",\"@id\":\"https:\/\/mano-klinika.lt\/contact\/\",\"url\":\"https:\/\/mano-klinika.lt\/contact\/\",\"name\":\"Susisiekite su \u201eMano Klinik\u201c\",\"isPartOf\":{\"@id\":\"https:\/\/mano-klinika.lt\/#website\"},\"datePublished\":\"2022-09-27T13:17:16+00:00\",\"dateModified\":\"2024-10-21T10:54:25+00:00\",\"description\":\"\u201eMano Klinik\u201c kontaktiniai duomenys, adresas, telefono numeris \u2705Profesional\u016bs gydytojai \u2705\u0160iuolaikin\u0117s technologijos \u2705Priimtinos kainos \u260e +370 691 98577\",\"breadcrumb\":{\"@id\":\"https:\/\/mano-klinika.lt\/contact\/#breadcrumb\"},\"inLanguage\":\"ru-RU\",\"potentialAction\":[{\"@type\":\"ReadAction\",\"target\":[\"https:\/\/mano-klinika.lt\/contact\/\"]}]},{\"@type\":\"BreadcrumbList\",\"@id\":\"https:\/\/mano-klinika.lt\/contact\/#breadcrumb\",\"itemListElement\":[{\"@type\":\"ListItem\",\"position\":1,\"name\":\"\u0413\u043b\u0430\u0432\u043d\u0430\u044f \u0441\u0442\u0440\u0430\u043d\u0438\u0446\u0430\",\"item\":\"https:\/\/mano-klinika.lt\/\"},{\"@type\":\"ListItem\",\"position\":2,\"name\":\"M\u016bs\u0173 kontaktai\"}]},{\"@type\":\"WebSite\",\"@id\":\"https:\/\/mano-klinika.lt\/#website\",\"url\":\"https:\/\/mano-klinika.lt\/\",\"name\":\"Mano Klinika: Pirmaujanti ortopedija ir traumatologija Vilniuje\",\"description\":\"Mano Klinika: Pa\u017eang\u016bs metodai ir ekspertiniai sprendimai ortopedijos ir traumatologijos srityje. J\u016bs\u0173 sveikas pasirinkimas Vilniuje.\",\"publisher\":{\"@id\":\"https:\/\/mano-klinika.lt\/#organization\"},\"potentialAction\":[{\"@type\":\"SearchAction\",\"target\":{\"@type\":\"EntryPoint\",\"urlTemplate\":\"https:\/\/mano-klinika.lt\/?s={search_term_string}\"},\"query-input\":{\"@type\":\"PropertyValueSpecification\",\"valueRequired\":true,\"valueName\":\"search_term_string\"}}],\"inLanguage\":\"ru-RU\"},{\"@type\":\"Organization\",\"@id\":\"https:\/\/mano-klinika.lt\/#organization\",\"name\":\"Mano Klinika: Pirmaujanti ortopedija ir traumatologija Vilniuje\",\"url\":\"https:\/\/mano-klinika.lt\/\",\"logo\":{\"@type\":\"ImageObject\",\"inLanguage\":\"ru-RU\",\"@id\":\"https:\/\/mano-klinika.lt\/#\/schema\/logo\/image\/\",\"url\":\"https:\/\/mano-klinika.lt\/wp-content\/uploads\/2023\/08\/cropped-fav.png\",\"contentUrl\":\"https:\/\/mano-klinika.lt\/wp-content\/uploads\/2023\/08\/cropped-fav.png\",\"width\":512,\"height\":512,\"caption\":\"Mano Klinika: Pirmaujanti ortopedija ir traumatologija Vilniuje\"},\"image\":{\"@id\":\"https:\/\/mano-klinika.lt\/#\/schema\/logo\/image\/\"},\"sameAs\":[\"https:\/\/www.facebook.com\/manoklinikaV\",\"https:\/\/instagram.com\/manoklinika\"]}]}<\/script>\n<!-- \/ Yoast SEO plugin. -->","yoast_head_json":{"title":"\u041a\u043e\u043d\u0442\u0430\u043a\u0442\u043d\u0430\u044f \u0438\u043d\u0444\u043e\u0440\u043c\u0430\u0446\u0438\u044f \u041c\u0430\u043d\u043e \u041a\u043b\u0438\u043d\u0438\u043a","description":"\"\u041c\u0430\u043d\u043e \u041a\u043b\u0438\u043d\u0438\u043a\" \u043a\u043e\u043d\u0442\u0430\u043a\u0442\u044b, \u0430\u0434\u0440\u0435\u0441, \u0442\u0435\u043b\u0435\u0444\u043e\u043d \u2705 \u041f\u0440\u043e\u0444\u0435\u0441\u0441\u0438\u043e\u043d\u0430\u043b\u044c\u043d\u044b\u0435 \u0432\u0440\u0430\u0447\u0438 \u2705 \u0421\u043e\u0432\u0440\u0435\u043c\u0435\u043d\u043d\u044b\u0435 \u0442\u0435\u0445\u043d\u043e\u043b\u043e\u0433\u0438\u0438 \u2705 \u0414\u043e\u0441\u0442\u0443\u043f\u043d\u044b\u0435 \u0446\u0435\u043d\u044b \u260e +370 691 98577","robots":{"index":"index","follow":"follow","max-snippet":"max-snippet:-1","max-image-preview":"max-image-preview:large","max-video-preview":"max-video-preview:-1"},"canonical":"https:\/\/mano-klinika.lt\/ru\/\u0441\u0432\u044f\u0437\u0430\u0442\u044c\u0441\u044f-\u0441\/","og_locale":"ru_RU","og_type":"article","og_title":"Susisiekite su \u201eMano Klinik\u201c","og_description":"\u201eMano Klinik\u201c kontaktiniai duomenys, adresas, telefono numeris \u2705Profesional\u016bs gydytojai \u2705\u0160iuolaikin\u0117s technologijos \u2705Priimtinos kainos \u260e +370 691 98577","og_url":"https:\/\/mano-klinika.lt\/ru\/\u0441\u0432\u044f\u0437\u0430\u0442\u044c\u0441\u044f-\u0441\/","og_site_name":"Mano Klinika: Pirmaujanti ortopedija ir traumatologija Vilniuje","article_publisher":"https:\/\/www.facebook.com\/manoklinikaV","article_modified_time":"2024-10-21T10:54:25+00:00","twitter_card":"summary_large_image","twitter_misc":{"\u041f\u0440\u0438\u043c\u0435\u0440\u043d\u043e\u0435 \u0432\u0440\u0435\u043c\u044f \u0434\u043b\u044f \u0447\u0442\u0435\u043d\u0438\u044f":"1 \u043c\u0438\u043d\u0443\u0442\u0430"},"schema":{"@context":"https:\/\/schema.org","@graph":[{"@type":"WebPage","@id":"https:\/\/mano-klinika.lt\/contact\/","url":"https:\/\/mano-klinika.lt\/contact\/","name":"\u041a\u043e\u043d\u0442\u0430\u043a\u0442\u043d\u0430\u044f \u0438\u043d\u0444\u043e\u0440\u043c\u0430\u0446\u0438\u044f \u041c\u0430\u043d\u043e \u041a\u043b\u0438\u043d\u0438\u043a","isPartOf":{"@id":"https:\/\/mano-klinika.lt\/#website"},"datePublished":"2022-09-27T13:17:16+00:00","dateModified":"2024-10-21T10:54:25+00:00","description":"\"\u041c\u0430\u043d\u043e \u041a\u043b\u0438\u043d\u0438\u043a\" \u043a\u043e\u043d\u0442\u0430\u043a\u0442\u044b, \u0430\u0434\u0440\u0435\u0441, \u0442\u0435\u043b\u0435\u0444\u043e\u043d \u2705 \u041f\u0440\u043e\u0444\u0435\u0441\u0441\u0438\u043e\u043d\u0430\u043b\u044c\u043d\u044b\u0435 \u0432\u0440\u0430\u0447\u0438 \u2705 \u0421\u043e\u0432\u0440\u0435\u043c\u0435\u043d\u043d\u044b\u0435 \u0442\u0435\u0445\u043d\u043e\u043b\u043e\u0433\u0438\u0438 \u2705 \u0414\u043e\u0441\u0442\u0443\u043f\u043d\u044b\u0435 \u0446\u0435\u043d\u044b \u260e +370 691 98577","breadcrumb":{"@id":"https:\/\/mano-klinika.lt\/contact\/#breadcrumb"},"inLanguage":"ru-RU","potentialAction":[{"@type":"ReadAction","target":["https:\/\/mano-klinika.lt\/contact\/"]}]},{"@type":"BreadcrumbList","@id":"https:\/\/mano-klinika.lt\/contact\/#breadcrumb","itemListElement":[{"@type":"ListItem","position":1,"name":"\u0413\u043b\u0430\u0432\u043d\u0430\u044f \u0441\u0442\u0440\u0430\u043d\u0438\u0446\u0430","item":"https:\/\/mano-klinika.lt\/"},{"@type":"ListItem","position":2,"name":"M\u016bs\u0173 kontaktai"}]},{"@type":"WebSite","@id":"https:\/\/mano-klinika.lt\/#website","url":"https:\/\/mano-klinika.lt\/","name":"Mano Klinika: \u0412\u0435\u0434\u0443\u0449\u0430\u044f \u043e\u0440\u0442\u043e\u043f\u0435\u0434\u0438\u044f \u0438 \u0442\u0440\u0430\u0432\u043c\u0430\u0442\u043e\u043b\u043e\u0433\u0438\u044f \u0432 \u0412\u0438\u043b\u044c\u043d\u044e\u0441\u0435","description":"Mano Klinika: \u041f\u0435\u0440\u0435\u0434\u043e\u0432\u044b\u0435 \u043c\u0435\u0442\u043e\u0434\u044b \u0438 \u044d\u043a\u0441\u043f\u0435\u0440\u0442\u043d\u044b\u0435 \u0440\u0435\u0448\u0435\u043d\u0438\u044f \u0432 \u043e\u0431\u043b\u0430\u0441\u0442\u0438 \u043e\u0440\u0442\u043e\u043f\u0435\u0434\u0438\u0438 \u0438 \u0442\u0440\u0430\u0432\u043c\u0430\u0442\u043e\u043b\u043e\u0433\u0438\u0438. \u0412\u0430\u0448 \u0437\u0434\u043e\u0440\u043e\u0432\u044b\u0439 \u0432\u044b\u0431\u043e\u0440 \u0432 \u0412\u0438\u043b\u044c\u043d\u044e\u0441\u0435.","publisher":{"@id":"https:\/\/mano-klinika.lt\/#organization"},"potentialAction":[{"@type":"SearchAction","target":{"@type":"EntryPoint","urlTemplate":"https:\/\/mano-klinika.lt\/?s={search_term_string}"},"query-input":{"@type":"PropertyValueSpecification","valueRequired":true,"valueName":"search_term_string"}}],"inLanguage":"ru-RU"},{"@type":"Organization","@id":"https:\/\/mano-klinika.lt\/#organization","name":"Mano Klinika: \u0412\u0435\u0434\u0443\u0449\u0430\u044f \u043e\u0440\u0442\u043e\u043f\u0435\u0434\u0438\u044f \u0438 \u0442\u0440\u0430\u0432\u043c\u0430\u0442\u043e\u043b\u043e\u0433\u0438\u044f \u0432 \u0412\u0438\u043b\u044c\u043d\u044e\u0441\u0435","url":"https:\/\/mano-klinika.lt\/","logo":{"@type":"ImageObject","inLanguage":"ru-RU","@id":"https:\/\/mano-klinika.lt\/#\/schema\/logo\/image\/","url":"https:\/\/mano-klinika.lt\/wp-content\/uploads\/2023\/08\/cropped-fav.png","contentUrl":"https:\/\/mano-klinika.lt\/wp-content\/uploads\/2023\/08\/cropped-fav.png","width":512,"height":512,"caption":"Mano Klinika: Pirmaujanti ortopedija ir traumatologija Vilniuje"},"image":{"@id":"https:\/\/mano-klinika.lt\/#\/schema\/logo\/image\/"},"sameAs":["https:\/\/www.facebook.com\/manoklinikaV","https:\/\/instagram.com\/manoklinika"]}]}},"jetpack_sharing_enabled":true,"_links":{"self":[{"href":"https:\/\/mano-klinika.lt\/ru\/wp-json\/wp\/v2\/pages\/48","targetHints":{"allow":["GET"]}}],"collection":[{"href":"https:\/\/mano-klinika.lt\/ru\/wp-json\/wp\/v2\/pages"}],"about":[{"href":"https:\/\/mano-klinika.lt\/ru\/wp-json\/wp\/v2\/types\/page"}],"author":[{"embeddable":true,"href":"https:\/\/mano-klinika.lt\/ru\/wp-json\/wp\/v2\/users\/1"}],"replies":[{"embeddable":true,"href":"https:\/\/mano-klinika.lt\/ru\/wp-json\/wp\/v2\/comments?post=48"}],"version-history":[{"count":23,"href":"https:\/\/mano-klinika.lt\/ru\/wp-json\/wp\/v2\/pages\/48\/revisions"}],"predecessor-version":[{"id":1472,"href":"https:\/\/mano-klinika.lt\/ru\/wp-json\/wp\/v2\/pages\/48\/revisions\/1472"}],"wp:attachment":[{"href":"https:\/\/mano-klinika.lt\/ru\/wp-json\/wp\/v2\/media?parent=48"}],"curies":[{"name":"wp","href":"https:\/\/api.w.org\/{rel}","templated":true}]}}